{"id":2442,"date":"2018-11-30T16:25:42","date_gmt":"2018-11-30T15:25:42","guid":{"rendered":"https:\/\/premiumfactory.eu\/?post_type=product&#038;p=2442"},"modified":"2024-02-15T20:50:55","modified_gmt":"2024-02-15T19:50:55","slug":"bubble-liquid-ready-to-use-economy","status":"publish","type":"product","link":"https:\/\/premiumfx.eu\/en\/produit\/bubble-liquid-ready-to-use-economy\/","title":{"rendered":"BUBBLE LIQUID READY TO USE ECONOMY"},"content":{"rendered":"<p><strong>LIGHT ECONOMY<\/strong> ready-to-use bubble liquid works with all bubble machines on the market and provides <strong>excellent performance<\/strong> when used with traditional bubble machines.<\/p>\n<p>It is recommended to use PREMIUM bubble liquids for high performance machines.<\/p>\n<p>These are professional-grade fluids that are fully compliant and completely <strong>environmentally neutral<\/strong>.<\/p>\n<p>Discover our <a href=\"https:\/\/premiumfx.eu\/en\/effects\/bubbles\/\">Bubble Machines<\/a><\/p>\n","protected":false},"excerpt":{"rendered":"<p>Ready to Use Economy<br \/>\nAvailable in 1L and 5L<br \/>\nPack 5x1L, 12x1L and 4x5L<\/p>\n","protected":false},"featured_media":2370,"template":"","meta":[],"product_brand":[],"product_cat":[1888],"product_tag":[2051,1145],"gamme":[1941,1907],"marque":[1955],"effets":[1987,1969,1985],"class_list":{"0":"post-2442","1":"product","2":"type-product","3":"status-publish","4":"has-post-thumbnail","6":"product_cat-consumables-en","7":"product_tag-made-in-france-en","8":"product_tag-new","9":"product_shipping_class-5l-drum-en","10":"gamme-bubble-fluid-en","11":"gamme-range-ue-bubble-en","12":"marque-premium-fluids-en","13":"effets-big-bubbles-falling","14":"effets-bubbles","15":"effets-bubbles-projected","17":"first","18":"instock","19":"taxable","20":"shipping-taxable","21":"purchasable","22":"product-type-variable","23":"has-default-attributes"},"acf":{"pas_de_documention":false,"archive_medias":"","archive_documentation":"","documents_techniques":[{"nom_du_fichier":"FICHE TECHNIQUE","nom_du_fichier_en":"FRANCAIS","sku_variation":"","fichier_pdf":10443},{"nom_du_fichier":"FICHE DE DONN\u00c9ES DE S\u00c9CURIT\u00c9","nom_du_fichier_en":"FRANCAIS","sku_variation":"","fichier_pdf":148792},{"nom_du_fichier":"TECHNICAL DATA SHEET","nom_du_fichier_en":"ENGLISH","sku_variation":"","fichier_pdf":10451},{"nom_du_fichier":"MATERIAL SAFETY DATA SHEET","nom_du_fichier_en":"ENGLISH","sku_variation":"","fichier_pdf":148794}]},"_links":{"self":[{"href":"https:\/\/premiumfx.eu\/en\/wp-json\/wp\/v2\/product\/2442","targetHints":{"allow":["GET"]}}],"collection":[{"href":"https:\/\/premiumfx.eu\/en\/wp-json\/wp\/v2\/product"}],"about":[{"href":"https:\/\/premiumfx.eu\/en\/wp-json\/wp\/v2\/types\/product"}],"wp:featuredmedia":[{"embeddable":true,"href":"https:\/\/premiumfx.eu\/en\/wp-json\/wp\/v2\/media\/2370"}],"wp:attachment":[{"href":"https:\/\/premiumfx.eu\/en\/wp-json\/wp\/v2\/media?parent=2442"}],"wp:term":[{"taxonomy":"product_brand","embeddable":true,"href":"https:\/\/premiumfx.eu\/en\/wp-json\/wp\/v2\/product_brand?post=2442"},{"taxonomy":"product_cat","embeddable":true,"href":"https:\/\/premiumfx.eu\/en\/wp-json\/wp\/v2\/product_cat?post=2442"},{"taxonomy":"product_tag","embeddable":true,"href":"https:\/\/premiumfx.eu\/en\/wp-json\/wp\/v2\/product_tag?post=2442"},{"taxonomy":"gamme","embeddable":true,"href":"https:\/\/premiumfx.eu\/en\/wp-json\/wp\/v2\/gamme?post=2442"},{"taxonomy":"marque","embeddable":true,"href":"https:\/\/premiumfx.eu\/en\/wp-json\/wp\/v2\/marque?post=2442"},{"taxonomy":"effets","embeddable":true,"href":"https:\/\/premiumfx.eu\/en\/wp-json\/wp\/v2\/effets?post=2442"}],"curies":[{"name":"wp","href":"https:\/\/api.w.org\/{rel}","templated":true}]}}