{"id":2428,"date":"2018-12-03T09:45:23","date_gmt":"2018-12-07T01:37:01","guid":{"rendered":"https:\/\/premiumfactory.eu\/?post_type=product&#038;p=2428"},"modified":"2024-02-15T20:52:20","modified_gmt":"2024-02-15T19:52:20","slug":"light-hazer-fluid-economy","status":"publish","type":"product","link":"https:\/\/premiumfx.eu\/en\/produit\/light-hazer-fluid-economy\/","title":{"rendered":"LIGHT HAZER FLUID ECONOMY"},"content":{"rendered":"<p>The ready-to-use hazer fluid <strong>LIGHT ECONOMY<\/strong> works with all heater type haze machines and provides excellent performance when used with entry-level haze machines. There is also a higher efficiency version in this range, the <span style=\"color: #3366ff;\"><strong><a style=\"color: #3366ff;\" href=\"https:\/\/premiumfx.eu\/en\/boutique\/economy-standard-fog-fluid\/\">HIGH ECONOMY<\/a><\/strong><\/span>.<\/p>\n<p>It is advisable to use the pro haze liquids of the <a href=\"https:\/\/premiumfx.eu\/en\/boutique\/hazer-fluid-hz-light-premium\/\"><span style=\"color: #3366ff;\"><strong>HZ-LIGHT<\/strong><\/span><\/a> and <a href=\"https:\/\/premiumfx.eu\/en\/boutique\/hazer-fluid-hz-high-premium\/\"><span style=\"color: #3366ff;\"><strong>HZ-HIGH<\/strong><\/span><\/a> PREMIUM ranges for high performance machines of the UNIQUE type or others.<\/p>\n<p>These are professional quality liquids that are fully compliant with current standards and are <strong>completely environmentally neutral<\/strong>.<\/p>\n<p>Discover our <a href=\"https:\/\/premiumfx.eu\/en\/effects\/smoke-fog-en\/\">Smoke &amp; Fog Machines<\/a><\/p>\n","protected":false},"excerpt":{"rendered":"<p>Ready to Use Economy<br \/>\nAvailable in 1L and 5L<br \/>\nPack 5x1L, 12x1L and 4x5L<\/p>\n","protected":false},"featured_media":2368,"template":"","meta":[],"product_brand":[],"product_cat":[1888],"product_tag":[2051,1145],"gamme":[1948],"marque":[1955],"effets":[2027,1977],"class_list":{"0":"post-2428","1":"product","2":"type-product","3":"status-publish","4":"has-post-thumbnail","6":"product_cat-consumables-en","7":"product_tag-made-in-france-en","8":"product_tag-new","9":"gamme-hazer-fluid-en","10":"marque-premium-fluids-en","11":"effets-low-fog-machines","12":"effets-smoke-low-fog","14":"first","15":"instock","16":"taxable","17":"shipping-taxable","18":"purchasable","19":"product-type-variable","20":"has-default-attributes"},"acf":{"pas_de_documention":false,"archive_medias":"","archive_documentation":"","documents_techniques":[{"nom_du_fichier":"FICHE TECHNIQUE","nom_du_fichier_en":"FRANCAIS","sku_variation":"","fichier_pdf":11426},{"nom_du_fichier":"FICHE DE DONN\u00c9ES DE S\u00c9CURIT\u00c9","nom_du_fichier_en":"FRANCAIS","sku_variation":"","fichier_pdf":""},{"nom_du_fichier":"TECHNICAL DATA SHEET","nom_du_fichier_en":"ENGLISH","sku_variation":"","fichier_pdf":11424},{"nom_du_fichier":"MATERIAL SAFETY DATA SHEET","nom_du_fichier_en":"ENGLISH","sku_variation":"","fichier_pdf":""},{"nom_du_fichier":"SICHERHEITSDATENBLATT","nom_du_fichier_en":"GERMAN","sku_variation":"","fichier_pdf":""}]},"_links":{"self":[{"href":"https:\/\/premiumfx.eu\/en\/wp-json\/wp\/v2\/product\/2428","targetHints":{"allow":["GET"]}}],"collection":[{"href":"https:\/\/premiumfx.eu\/en\/wp-json\/wp\/v2\/product"}],"about":[{"href":"https:\/\/premiumfx.eu\/en\/wp-json\/wp\/v2\/types\/product"}],"wp:featuredmedia":[{"embeddable":true,"href":"https:\/\/premiumfx.eu\/en\/wp-json\/wp\/v2\/media\/2368"}],"wp:attachment":[{"href":"https:\/\/premiumfx.eu\/en\/wp-json\/wp\/v2\/media?parent=2428"}],"wp:term":[{"taxonomy":"product_brand","embeddable":true,"href":"https:\/\/premiumfx.eu\/en\/wp-json\/wp\/v2\/product_brand?post=2428"},{"taxonomy":"product_cat","embeddable":true,"href":"https:\/\/premiumfx.eu\/en\/wp-json\/wp\/v2\/product_cat?post=2428"},{"taxonomy":"product_tag","embeddable":true,"href":"https:\/\/premiumfx.eu\/en\/wp-json\/wp\/v2\/product_tag?post=2428"},{"taxonomy":"gamme","embeddable":true,"href":"https:\/\/premiumfx.eu\/en\/wp-json\/wp\/v2\/gamme?post=2428"},{"taxonomy":"marque","embeddable":true,"href":"https:\/\/premiumfx.eu\/en\/wp-json\/wp\/v2\/marque?post=2428"},{"taxonomy":"effets","embeddable":true,"href":"https:\/\/premiumfx.eu\/en\/wp-json\/wp\/v2\/effets?post=2428"}],"curies":[{"name":"wp","href":"https:\/\/api.w.org\/{rel}","templated":true}]}}