{"id":2128,"date":"2018-11-06T16:09:04","date_gmt":"2018-11-06T15:09:04","guid":{"rendered":"https:\/\/premiumfactory.eu\/?post_type=product&#038;p=2128"},"modified":"2026-03-10T11:58:10","modified_gmt":"2026-03-10T10:58:10","slug":"volcano-co2-premium-smoke-fluid","status":"publish","type":"product","link":"https:\/\/premiumfx.eu\/en\/produit\/volcano-co2-premium-smoke-fluid\/","title":{"rendered":"VOLCANO CO2 PREMIUM SMOKE FLUID"},"content":{"rendered":"<p>The <strong>CO2 Effect imitation smoke fluid<\/strong> with fast dissipation <strong>ST-VOLCANO<\/strong> is ready to use and compatible with all machines equipped with a heating element. You can create this type of effect with any machine, whether it is a vertical jet or not.<\/p>\n<p>A machine with a minimum power of 1200 Watts provides a better effect.<\/p>\n<p>These are professional-quality fluids fully compliant with current regulations and completely <strong>environmentally neutral.<\/strong><\/p>\n<p><strong>Available in 3 versions to suit your needs:<\/strong><\/p>\n<ul>\n<li><strong>ST<\/strong> = standard concentration<\/li>\n<li><strong>XT<\/strong> = dense concentration<\/li>\n<li><strong>HD<\/strong> = high density for outdoor use<\/li>\n<\/ul>\n<p><BR>Discover our <a href=\"https:\/\/premiumfx.eu\/en\/effects\/smoke-fog-en\/\" target=\"_blank\" rel=\"noopener\">Smoke Machines<\/a><\/p>\n","protected":false},"excerpt":{"rendered":"<p>Ready to Use Standard<\/p>\n<p>Available in 5L, 10L, 20L, 200L and 1000 Liters<\/p>\n","protected":false},"featured_media":2179,"template":"","meta":[],"product_brand":[],"product_cat":[1888],"product_tag":[2051,1145],"gamme":[1947,1903,1902],"marque":[1955],"effets":[1977,2029],"class_list":{"0":"post-2128","1":"product","2":"type-product","3":"status-publish","4":"has-post-thumbnail","6":"product_cat-consumables-en","7":"product_tag-made-in-france-en","8":"product_tag-new","9":"gamme-co2-smoke-fluid-style-co2-en","10":"gamme-pro-fog-range-en","11":"gamme-gamme-smoke-jet","12":"marque-premium-fluids-en","13":"effets-smoke-low-fog","14":"effets-vertical-jet-smoke-machines","16":"first","17":"instock","18":"taxable","19":"shipping-taxable","20":"purchasable","21":"product-type-variable","22":"has-default-attributes"},"acf":{"pas_de_documention":false,"archive_medias":"","archive_documentation":"","documents_techniques":[{"nom_du_fichier":"FICHE TECHNIQUE","nom_du_fichier_en":"FRANCAIS","sku_variation":"","fichier_pdf":10293},{"nom_du_fichier":"FICHE DE DONN\u00c9ES DE S\u00c9CURIT\u00c9","nom_du_fichier_en":"FRANCAIS","sku_variation":"","fichier_pdf":148861},{"nom_du_fichier":"TECHNICAL DATA SHEET","nom_du_fichier_en":"ENGLISH","sku_variation":"","fichier_pdf":10329},{"nom_du_fichier":"MATERIAL SAFETY DATA SHEET","nom_du_fichier_en":"ENGLISH","sku_variation":"","fichier_pdf":148863},{"nom_du_fichier":"SICHERHEITSDATENBLATT","nom_du_fichier_en":"GERMAN","sku_variation":"","fichier_pdf":148865}]},"_links":{"self":[{"href":"https:\/\/premiumfx.eu\/en\/wp-json\/wp\/v2\/product\/2128","targetHints":{"allow":["GET"]}}],"collection":[{"href":"https:\/\/premiumfx.eu\/en\/wp-json\/wp\/v2\/product"}],"about":[{"href":"https:\/\/premiumfx.eu\/en\/wp-json\/wp\/v2\/types\/product"}],"wp:featuredmedia":[{"embeddable":true,"href":"https:\/\/premiumfx.eu\/en\/wp-json\/wp\/v2\/media\/2179"}],"wp:attachment":[{"href":"https:\/\/premiumfx.eu\/en\/wp-json\/wp\/v2\/media?parent=2128"}],"wp:term":[{"taxonomy":"product_brand","embeddable":true,"href":"https:\/\/premiumfx.eu\/en\/wp-json\/wp\/v2\/product_brand?post=2128"},{"taxonomy":"product_cat","embeddable":true,"href":"https:\/\/premiumfx.eu\/en\/wp-json\/wp\/v2\/product_cat?post=2128"},{"taxonomy":"product_tag","embeddable":true,"href":"https:\/\/premiumfx.eu\/en\/wp-json\/wp\/v2\/product_tag?post=2128"},{"taxonomy":"gamme","embeddable":true,"href":"https:\/\/premiumfx.eu\/en\/wp-json\/wp\/v2\/gamme?post=2128"},{"taxonomy":"marque","embeddable":true,"href":"https:\/\/premiumfx.eu\/en\/wp-json\/wp\/v2\/marque?post=2128"},{"taxonomy":"effets","embeddable":true,"href":"https:\/\/premiumfx.eu\/en\/wp-json\/wp\/v2\/effets?post=2128"}],"curies":[{"name":"wp","href":"https:\/\/api.w.org\/{rel}","templated":true}]}}