{"id":1925,"date":"2018-08-21T16:05:27","date_gmt":"2018-08-21T14:05:27","guid":{"rendered":"https:\/\/premiumfactory.eu\/product\/foam-fluid\/"},"modified":"2024-01-05T09:02:09","modified_gmt":"2024-01-05T08:02:09","slug":"2-3-premium-lc-foam-fluid","status":"publish","type":"product","link":"https:\/\/premiumfx.eu\/en\/produit\/2-3-premium-lc-foam-fluid\/","title":{"rendered":"2-3% PREMIUM LC FOAM FLUID"},"content":{"rendered":"<p><strong>LC FOAM FLUID 2-3%<\/strong> Concentrated Foaming Fluid is an economical, low-concentration solution that produces a light, airy foam.<\/p>\n<p>\u2022 <strong>2-3% LC FOAMING FLUID<\/strong>, concentrate to be diluted with 98 to 97% water <br \/>\u2022 <strong>CC FOAMING FLUID 1.5-2%<\/strong>, concentrate to be diluted with approximately 98.5% water <br \/>\u2022 <strong>FOAM FLUID HC 0.7-1%<\/strong>, concentrate to be diluted with approximately 99% water The LC, CC &amp; HC model are perfect for all falling foam machines, such as our UE \/ UFX.<\/p>\n<p>Preferably use the 2% CC and 1% HC model for foam jet machines such as our JET-FOAM. Use only 2% CC and 1% HC model for FG\/FC\/SIROCCO machines.<\/p>\n<p>These are professional-grade fluids that are fully compliant and completely <strong>environmentally neutral<\/strong>.<\/p>\n<p>Discover our <a href=\"https:\/\/premiumfx.eu\/en\/effects\/foam-en\/\">Foam Machines<\/a><\/p>\n","protected":false},"excerpt":{"rendered":"<p>Concentrated 2 to 3% <br \/>Available in 5L, 10L, 20L <br \/>and 200L, 1000L in bulk<\/p>\n","protected":false},"featured_media":2214,"template":"","meta":[],"product_brand":[],"product_cat":[1888],"product_tag":[2051,1145],"gamme":[1943],"marque":[1955],"effets":[2033,1959,1993],"class_list":{"0":"post-1925","1":"product","2":"type-product","3":"status-publish","4":"has-post-thumbnail","6":"product_cat-consumables-en","7":"product_tag-made-in-france-en","8":"product_tag-new","9":"gamme-foam-fluid-en","10":"marque-premium-fluids-en","11":"effets-foam-falling","12":"effets-foam","13":"effets-spray-foam-machine","15":"first","16":"instock","17":"taxable","18":"shipping-taxable","19":"purchasable","20":"product-type-variable","21":"has-default-attributes"},"acf":{"pas_de_documention":false,"archive_medias":"","archive_documentation":"","documents_techniques":[{"nom_du_fichier":"FICHE TECHNIQUE","nom_du_fichier_en":"FRANCAIS","sku_variation":"","fichier_pdf":10082},{"nom_du_fichier":"FICHE DE DONN\u00c9ES DE S\u00c9CURIT\u00c9","nom_du_fichier_en":"FRANCAIS","sku_variation":"","fichier_pdf":143534},{"nom_du_fichier":"TECHNICAL DATA SHEET","nom_du_fichier_en":"ENGLISH","sku_variation":"","fichier_pdf":10094},{"nom_du_fichier":"MATERIAL SAFETY DATA SHEET","nom_du_fichier_en":"ENGLISH","sku_variation":"","fichier_pdf":143556},{"nom_du_fichier":"SICHERHEITSDATENBLATT","nom_du_fichier_en":"GERMAN","sku_variation":"","fichier_pdf":143590}]},"_links":{"self":[{"href":"https:\/\/premiumfx.eu\/en\/wp-json\/wp\/v2\/product\/1925","targetHints":{"allow":["GET"]}}],"collection":[{"href":"https:\/\/premiumfx.eu\/en\/wp-json\/wp\/v2\/product"}],"about":[{"href":"https:\/\/premiumfx.eu\/en\/wp-json\/wp\/v2\/types\/product"}],"wp:featuredmedia":[{"embeddable":true,"href":"https:\/\/premiumfx.eu\/en\/wp-json\/wp\/v2\/media\/2214"}],"wp:attachment":[{"href":"https:\/\/premiumfx.eu\/en\/wp-json\/wp\/v2\/media?parent=1925"}],"wp:term":[{"taxonomy":"product_brand","embeddable":true,"href":"https:\/\/premiumfx.eu\/en\/wp-json\/wp\/v2\/product_brand?post=1925"},{"taxonomy":"product_cat","embeddable":true,"href":"https:\/\/premiumfx.eu\/en\/wp-json\/wp\/v2\/product_cat?post=1925"},{"taxonomy":"product_tag","embeddable":true,"href":"https:\/\/premiumfx.eu\/en\/wp-json\/wp\/v2\/product_tag?post=1925"},{"taxonomy":"gamme","embeddable":true,"href":"https:\/\/premiumfx.eu\/en\/wp-json\/wp\/v2\/gamme?post=1925"},{"taxonomy":"marque","embeddable":true,"href":"https:\/\/premiumfx.eu\/en\/wp-json\/wp\/v2\/marque?post=1925"},{"taxonomy":"effets","embeddable":true,"href":"https:\/\/premiumfx.eu\/en\/wp-json\/wp\/v2\/effets?post=1925"}],"curies":[{"name":"wp","href":"https:\/\/api.w.org\/{rel}","templated":true}]}}