{"id":1913,"date":"2018-08-21T16:05:29","date_gmt":"2018-08-21T14:05:29","guid":{"rendered":"https:\/\/premiumfactory.eu\/product\/foam-fluid-neutralizer\/"},"modified":"2024-02-15T20:51:44","modified_gmt":"2024-02-15T19:51:44","slug":"premium-foam-neutralization-fluid","status":"publish","type":"product","link":"https:\/\/premiumfx.eu\/en\/produit\/premium-foam-neutralization-fluid\/","title":{"rendered":"PREMIUM FOAM NEUTRALIZATION FLUID"},"content":{"rendered":"<p>Foam neutralizing fluid concentrate 10% <strong>NEUTRALIZING FOAM FLUID <\/strong>neutralizes the foaming effect of the foaming fluid in the residual water.<\/p>\n<p>We recommend its use to facilitate the cleaning of the area <strong>after using a foam machine<\/strong>. Easy to use, just dilute it to 10% in a volume of water and spread it using a manual sprayer.<\/p>\n<p>These are professional-grade fluids that are fully compliant and completely <strong>environmentally neutral<\/strong>.<\/p>\n<p><strong>Never use your foam machine to spread it<\/strong>.<\/p>\n<p>Discover our <a href=\"https:\/\/premiumfx.eu\/en\/effects\/foam-en\/\">Foam Machines<\/a><\/p>\n","protected":false},"excerpt":{"rendered":"<p>Concentrate to be used at 10%<br \/>\nAvailable in 5L, 10L, 20L<br \/>\nand 200L, 1000L in bulk<\/p>\n","protected":false},"featured_media":1513,"template":"","meta":[],"product_brand":[],"product_cat":[1888],"product_tag":[2051,1145],"gamme":[1943],"marque":[1955],"effets":[2033,1959,1993],"class_list":{"0":"post-1913","1":"product","2":"type-product","3":"status-publish","4":"has-post-thumbnail","6":"product_cat-consumables-en","7":"product_tag-made-in-france-en","8":"product_tag-new","9":"gamme-foam-fluid-en","10":"marque-premium-fluids-en","11":"effets-foam-falling","12":"effets-foam","13":"effets-spray-foam-machine","15":"first","16":"instock","17":"taxable","18":"shipping-taxable","19":"purchasable","20":"product-type-variable"},"acf":{"pas_de_documention":false,"archive_medias":"","archive_documentation":"","documents_techniques":[{"nom_du_fichier":"FICHE TECHNIQUE","nom_du_fichier_en":"FRANCAIS","sku_variation":"","fichier_pdf":10139},{"nom_du_fichier":"FICHE DE DONN\u00c9ES DE S\u00c9CURIT\u00c9","nom_du_fichier_en":"FRANCAIS","sku_variation":"","fichier_pdf":143526},{"nom_du_fichier":"TECHNICAL DATA SHEET","nom_du_fichier_en":"ENGLISH","sku_variation":"","fichier_pdf":40761},{"nom_du_fichier":"MATERIAL SAFETY DATA SHEET","nom_du_fichier_en":"ENGLISH","sku_variation":"","fichier_pdf":10084},{"nom_du_fichier":"SICHERHEITSDATENBLATT","nom_du_fichier_en":"GERMAN","sku_variation":"","fichier_pdf":143582}]},"_links":{"self":[{"href":"https:\/\/premiumfx.eu\/en\/wp-json\/wp\/v2\/product\/1913","targetHints":{"allow":["GET"]}}],"collection":[{"href":"https:\/\/premiumfx.eu\/en\/wp-json\/wp\/v2\/product"}],"about":[{"href":"https:\/\/premiumfx.eu\/en\/wp-json\/wp\/v2\/types\/product"}],"wp:featuredmedia":[{"embeddable":true,"href":"https:\/\/premiumfx.eu\/en\/wp-json\/wp\/v2\/media\/1513"}],"wp:attachment":[{"href":"https:\/\/premiumfx.eu\/en\/wp-json\/wp\/v2\/media?parent=1913"}],"wp:term":[{"taxonomy":"product_brand","embeddable":true,"href":"https:\/\/premiumfx.eu\/en\/wp-json\/wp\/v2\/product_brand?post=1913"},{"taxonomy":"product_cat","embeddable":true,"href":"https:\/\/premiumfx.eu\/en\/wp-json\/wp\/v2\/product_cat?post=1913"},{"taxonomy":"product_tag","embeddable":true,"href":"https:\/\/premiumfx.eu\/en\/wp-json\/wp\/v2\/product_tag?post=1913"},{"taxonomy":"gamme","embeddable":true,"href":"https:\/\/premiumfx.eu\/en\/wp-json\/wp\/v2\/gamme?post=1913"},{"taxonomy":"marque","embeddable":true,"href":"https:\/\/premiumfx.eu\/en\/wp-json\/wp\/v2\/marque?post=1913"},{"taxonomy":"effets","embeddable":true,"href":"https:\/\/premiumfx.eu\/en\/wp-json\/wp\/v2\/effets?post=1913"}],"curies":[{"name":"wp","href":"https:\/\/api.w.org\/{rel}","templated":true}]}}