{"id":1888,"date":"2018-08-21T16:05:30","date_gmt":"2018-08-21T14:05:30","guid":{"rendered":"https:\/\/premiumfactory.eu\/product\/bubble-fluids\/"},"modified":"2024-02-15T20:51:14","modified_gmt":"2024-02-15T19:51:14","slug":"bubble-fluid-ready-to-use-standard-premium","status":"publish","type":"product","link":"https:\/\/premiumfx.eu\/en\/produit\/bubble-fluid-ready-to-use-standard-premium\/","title":{"rendered":"BUBBLE FLUID READY TO USE STANDARD PREMIUM"},"content":{"rendered":"<p><strong>STANDARD Premium Fluids<\/strong> ready-to-use bubble liquid works with all bubble machines on the market and produces long-lasting colored bubbles. Discover our selection:<\/p>\n<p>\u2022 <strong>RTU STD BUBBLE FLUID<\/strong>, a standard ready to use liquid<br \/>\n\u2022 <strong>RTU HIGH BUBBLE FLUID<\/strong>, a denser ready-to-use liquid<br \/>\n\u2022 <strong>RTU FLUO BUBBLE FLUID<\/strong>, a UV-reactive ready-to-use liquid<br \/>\n\u2022<strong> CC 40% BUBBLE FLUID<\/strong>, a concentrated liquid to be diluted with 60% water<\/p>\n<p>These are professional quality liquids fully compliant with current standards and perfectly <strong>neutral on the environmental level.<\/strong><\/p>\n<p>Discover our <a href=\"https:\/\/premiumfx.eu\/en\/effects\/bubbles\/\">Bubble Machines<\/a><\/p>\n","protected":false},"excerpt":{"rendered":"<p>Ready to Use Standard<br \/>\nAvailable in 5L, 10L, 20L<br \/>\nand 200L, 1000L in bulk<\/p>\n","protected":false},"featured_media":1517,"template":"","meta":[],"product_brand":[],"product_cat":[1888],"product_tag":[2051,1145],"gamme":[1941,1907],"marque":[1955],"effets":[1987,1969,1985],"class_list":{"0":"post-1888","1":"product","2":"type-product","3":"status-publish","4":"has-post-thumbnail","6":"product_cat-consumables-en","7":"product_tag-made-in-france-en","8":"product_tag-new","9":"gamme-bubble-fluid-en","10":"gamme-range-ue-bubble-en","11":"marque-premium-fluids-en","12":"effets-big-bubbles-falling","13":"effets-bubbles","14":"effets-bubbles-projected","16":"first","17":"instock","18":"taxable","19":"shipping-taxable","20":"purchasable","21":"product-type-variable","22":"has-default-attributes"},"acf":{"pas_de_documention":false,"archive_medias":"","archive_documentation":"","documents_techniques":[{"nom_du_fichier":"FICHE TECHNIQUE","nom_du_fichier_en":"FRANCAIS","sku_variation":"","fichier_pdf":10168},{"nom_du_fichier":"FICHE DE DONN\u00c9ES DE S\u00c9CURIT\u00c9","nom_du_fichier_en":"FRANCAIS","sku_variation":"","fichier_pdf":143466},{"nom_du_fichier":"TECHNICAL DATA SHEET","nom_du_fichier_en":"ENGLISH","sku_variation":"","fichier_pdf":10203},{"nom_du_fichier":"MATERIAL SAFETY DATA SHEET","nom_du_fichier_en":"ENGLISH","sku_variation":"","fichier_pdf":143486},{"nom_du_fichier":"SICHERHEITSDATENBLATT","nom_du_fichier_en":"GERMAN","sku_variation":"","fichier_pdf":143524}]},"_links":{"self":[{"href":"https:\/\/premiumfx.eu\/en\/wp-json\/wp\/v2\/product\/1888","targetHints":{"allow":["GET"]}}],"collection":[{"href":"https:\/\/premiumfx.eu\/en\/wp-json\/wp\/v2\/product"}],"about":[{"href":"https:\/\/premiumfx.eu\/en\/wp-json\/wp\/v2\/types\/product"}],"wp:featuredmedia":[{"embeddable":true,"href":"https:\/\/premiumfx.eu\/en\/wp-json\/wp\/v2\/media\/1517"}],"wp:attachment":[{"href":"https:\/\/premiumfx.eu\/en\/wp-json\/wp\/v2\/media?parent=1888"}],"wp:term":[{"taxonomy":"product_brand","embeddable":true,"href":"https:\/\/premiumfx.eu\/en\/wp-json\/wp\/v2\/product_brand?post=1888"},{"taxonomy":"product_cat","embeddable":true,"href":"https:\/\/premiumfx.eu\/en\/wp-json\/wp\/v2\/product_cat?post=1888"},{"taxonomy":"product_tag","embeddable":true,"href":"https:\/\/premiumfx.eu\/en\/wp-json\/wp\/v2\/product_tag?post=1888"},{"taxonomy":"gamme","embeddable":true,"href":"https:\/\/premiumfx.eu\/en\/wp-json\/wp\/v2\/gamme?post=1888"},{"taxonomy":"marque","embeddable":true,"href":"https:\/\/premiumfx.eu\/en\/wp-json\/wp\/v2\/marque?post=1888"},{"taxonomy":"effets","embeddable":true,"href":"https:\/\/premiumfx.eu\/en\/wp-json\/wp\/v2\/effets?post=1888"}],"curies":[{"name":"wp","href":"https:\/\/api.w.org\/{rel}","templated":true}]}}