{"id":1798,"date":"2018-08-21T16:10:10","date_gmt":"2018-08-21T14:10:10","guid":{"rendered":"https:\/\/premiumfactory.eu\/product\/smoke-fluid-slow-dispersion\/"},"modified":"2022-12-22T12:42:43","modified_gmt":"2022-12-22T11:42:43","slug":"hd-premium-range-light-smoke-fluid","status":"publish","type":"product","link":"https:\/\/premiumfx.eu\/en\/produit\/hd-premium-range-light-smoke-fluid\/","title":{"rendered":"HD PREMIUM RANGE LIGHT SMOKE FLUID"},"content":{"rendered":"<p>Our components being the same as the fluids of the machine builders, our fluids work on all machines using a heating element. Knowing that certain densities are more suitable for certain machines because not all of them have the same capacities. This is why we have 3 ranges of smoke fluids, each with <strong>several levels of density -&gt; Light | Medium | High | Extreme |<\/strong> <strong> Outdoor<\/strong>.<\/p>\n<p><strong>The HD range corresponds to a slow dispersion speed (Long Lasting)<\/strong>. Suitable for large volumes and outdoors.<\/p>\n<p>Safety Data Sheet and Technical Data Sheet instructions for use downloadable from our website.<\/p>\n<p>Discover our <a href=\"https:\/\/premiumfx.eu\/en\/effets\/fumee-brouillard\">Smoke &amp; Fog Machines<\/a><\/p>\n","protected":false},"excerpt":{"rendered":"<p>5 Densities with Slow Dispersion<\/p>\n","protected":false},"featured_media":1610,"template":"","meta":[],"product_brand":[],"product_cat":[1888],"product_tag":[2051,1145],"gamme":[1903,1902,1945],"marque":[1955],"effets":[2031,1977],"class_list":{"0":"post-1798","1":"product","2":"type-product","3":"status-publish","4":"has-post-thumbnail","6":"product_cat-consumables-en","7":"product_tag-made-in-france-en","8":"product_tag-new","9":"gamme-pro-fog-range-en","10":"gamme-gamme-smoke-jet","11":"gamme-std-smoke-fluid-en","12":"marque-premium-fluids-en","13":"effets-professional-smoke-machines","14":"effets-smoke-low-fog","16":"first","17":"instock","18":"taxable","19":"shipping-taxable","20":"purchasable","21":"product-type-variable","22":"has-default-attributes"},"acf":{"pas_de_documention":false,"archive_medias":"","archive_documentation":"","documents_techniques":[{"nom_du_fichier":"FICHE TECHNIQUE","nom_du_fichier_en":"FRANCAIS","sku_variation":"","fichier_pdf":137117},{"nom_du_fichier":"FICHE DE DONN\u00c9ES DE S\u00c9CURIT\u00c9","nom_du_fichier_en":"FRANCAIS","sku_variation":"","fichier_pdf":148937},{"nom_du_fichier":"TECHNICAL DATA SHEET","nom_du_fichier_en":"ENGLISH","sku_variation":"","fichier_pdf":137119},{"nom_du_fichier":"MATERIAL SAFETY DATA SHEET","nom_du_fichier_en":"ENGLISH","sku_variation":"","fichier_pdf":148967},{"nom_du_fichier":"SICHERHEITSDATENBLATT","nom_du_fichier_en":"GERMAN","sku_variation":"","fichier_pdf":149001}]},"_links":{"self":[{"href":"https:\/\/premiumfx.eu\/en\/wp-json\/wp\/v2\/product\/1798","targetHints":{"allow":["GET"]}}],"collection":[{"href":"https:\/\/premiumfx.eu\/en\/wp-json\/wp\/v2\/product"}],"about":[{"href":"https:\/\/premiumfx.eu\/en\/wp-json\/wp\/v2\/types\/product"}],"wp:featuredmedia":[{"embeddable":true,"href":"https:\/\/premiumfx.eu\/en\/wp-json\/wp\/v2\/media\/1610"}],"wp:attachment":[{"href":"https:\/\/premiumfx.eu\/en\/wp-json\/wp\/v2\/media?parent=1798"}],"wp:term":[{"taxonomy":"product_brand","embeddable":true,"href":"https:\/\/premiumfx.eu\/en\/wp-json\/wp\/v2\/product_brand?post=1798"},{"taxonomy":"product_cat","embeddable":true,"href":"https:\/\/premiumfx.eu\/en\/wp-json\/wp\/v2\/product_cat?post=1798"},{"taxonomy":"product_tag","embeddable":true,"href":"https:\/\/premiumfx.eu\/en\/wp-json\/wp\/v2\/product_tag?post=1798"},{"taxonomy":"gamme","embeddable":true,"href":"https:\/\/premiumfx.eu\/en\/wp-json\/wp\/v2\/gamme?post=1798"},{"taxonomy":"marque","embeddable":true,"href":"https:\/\/premiumfx.eu\/en\/wp-json\/wp\/v2\/marque?post=1798"},{"taxonomy":"effets","embeddable":true,"href":"https:\/\/premiumfx.eu\/en\/wp-json\/wp\/v2\/effets?post=1798"}],"curies":[{"name":"wp","href":"https:\/\/api.w.org\/{rel}","templated":true}]}}