{"id":1797,"date":"2018-08-21T16:11:26","date_gmt":"2018-08-21T14:11:26","guid":{"rendered":"https:\/\/premiumfactory.eu\/product\/smoke-fluid-quick-dispersion\/"},"modified":"2022-06-15T10:55:39","modified_gmt":"2022-06-15T08:55:39","slug":"xt-premium-range-light-smoke-fluid","status":"publish","type":"product","link":"https:\/\/premiumfx.eu\/en\/produit\/xt-premium-range-light-smoke-fluid\/","title":{"rendered":"XT PREMIUM RANGE LIGHT SMOKE FLUID"},"content":{"rendered":"<p>The <strong>XT PREMIUM RANGE LIGHT SMOKE FLUID <\/strong>ready-to-use smoke fluid works with all smoke machines using a heating element and corresponds to a fast dispersion speed.<br \/>Discover our selection:<\/p>\n<p>\u2022 <strong>PREMIUM XT SERIES LIGHT SMOKE FLUID<\/strong>, for low density smoke <br \/>\u2022 <strong>XT PREMIUM RANGE MEDIUM SMOKE FLUID<\/strong>, for classic density smoke<\/p>\n<p>These are professional-grade fluids that are fully compliant and completely <strong>environmentally neutral<\/strong>.<\/p>\n<p>Discover our <a href=\"https:\/\/premiumfx.eu\/en\/effects\/smoke-low-fog\/\">Smoke Machines<\/a><\/p>\n","protected":false},"excerpt":{"rendered":"<p>Ready to Use Rapid Dispersion Available in 5L, 10L, 20L and 200L, 1000L in bulk<\/p>\n","protected":false},"featured_media":1635,"template":"","meta":[],"product_brand":[],"product_cat":[1888],"product_tag":[2051,1145],"gamme":[1903,1902,1945],"marque":[1955],"effets":[2031,1977],"class_list":{"0":"post-1797","1":"product","2":"type-product","3":"status-publish","4":"has-post-thumbnail","6":"product_cat-consumables-en","7":"product_tag-made-in-france-en","8":"product_tag-new","9":"gamme-pro-fog-range-en","10":"gamme-gamme-smoke-jet","11":"gamme-std-smoke-fluid-en","12":"marque-premium-fluids-en","13":"effets-professional-smoke-machines","14":"effets-smoke-low-fog","16":"first","17":"instock","18":"taxable","19":"shipping-taxable","20":"purchasable","21":"product-type-variable","22":"has-default-attributes"},"acf":{"pas_de_documention":false,"archive_medias":"","archive_documentation":"","documents_techniques":[{"nom_du_fichier":"FICHE TECHNIQUE","nom_du_fichier_en":"FRANCAIS","sku_variation":"","fichier_pdf":10386},{"nom_du_fichier":"FICHE DE DONN\u00c9ES DE S\u00c9CURIT\u00c9","nom_du_fichier_en":"FRANCAIS","sku_variation":"","fichier_pdf":148953},{"nom_du_fichier":"TECHNICAL DATA SHEET","nom_du_fichier_en":"ENGLISH","sku_variation":"","fichier_pdf":10426},{"nom_du_fichier":"MATERIAL SAFETY DATA SHEET","nom_du_fichier_en":"ENGLISH","sku_variation":"","fichier_pdf":148987},{"nom_du_fichier":"SICHERHEITSDATENBLATT","nom_du_fichier_en":"GERMAN","sku_variation":"","fichier_pdf":149021}]},"_links":{"self":[{"href":"https:\/\/premiumfx.eu\/en\/wp-json\/wp\/v2\/product\/1797","targetHints":{"allow":["GET"]}}],"collection":[{"href":"https:\/\/premiumfx.eu\/en\/wp-json\/wp\/v2\/product"}],"about":[{"href":"https:\/\/premiumfx.eu\/en\/wp-json\/wp\/v2\/types\/product"}],"wp:featuredmedia":[{"embeddable":true,"href":"https:\/\/premiumfx.eu\/en\/wp-json\/wp\/v2\/media\/1635"}],"wp:attachment":[{"href":"https:\/\/premiumfx.eu\/en\/wp-json\/wp\/v2\/media?parent=1797"}],"wp:term":[{"taxonomy":"product_brand","embeddable":true,"href":"https:\/\/premiumfx.eu\/en\/wp-json\/wp\/v2\/product_brand?post=1797"},{"taxonomy":"product_cat","embeddable":true,"href":"https:\/\/premiumfx.eu\/en\/wp-json\/wp\/v2\/product_cat?post=1797"},{"taxonomy":"product_tag","embeddable":true,"href":"https:\/\/premiumfx.eu\/en\/wp-json\/wp\/v2\/product_tag?post=1797"},{"taxonomy":"gamme","embeddable":true,"href":"https:\/\/premiumfx.eu\/en\/wp-json\/wp\/v2\/gamme?post=1797"},{"taxonomy":"marque","embeddable":true,"href":"https:\/\/premiumfx.eu\/en\/wp-json\/wp\/v2\/marque?post=1797"},{"taxonomy":"effets","embeddable":true,"href":"https:\/\/premiumfx.eu\/en\/wp-json\/wp\/v2\/effets?post=1797"}],"curies":[{"name":"wp","href":"https:\/\/api.w.org\/{rel}","templated":true}]}}