{"id":1749,"date":"2018-08-21T16:12:43","date_gmt":"2018-08-21T14:12:43","guid":{"rendered":"https:\/\/premiumfactory.eu\/product\/low-fog-fluid\/"},"modified":"2024-05-09T15:47:55","modified_gmt":"2024-05-09T13:47:55","slug":"premium-low-smoke-fluid","status":"publish","type":"product","link":"https:\/\/premiumfx.eu\/en\/produit\/premium-low-smoke-fluid\/","title":{"rendered":"PREMIUM STANDARD LOW SMOKE FLUID"},"content":{"rendered":"<p>The <strong>XT &#8211; LOW FOG<\/strong> ready-to-use fluid is specially formulated for<strong> indoor use<\/strong> with low-fog machines using Glaciator or Ice Fog heating elements.<\/p>\n<p>These are professional quality fluids that fully comply with current standards and are completely <strong>environmentally neutral<\/strong>.<\/p>\n<p>Discover our <a href=\"https:\/\/premiumfx.eu\/en\/effets\/fumee-brouillard\">Low Smoke Machines<\/a><\/p>\n","protected":false},"excerpt":{"rendered":"<p>Ready to Use &#8211; Indoor<br \/>\nAvailable in 5L, 10L, 20L<br \/>\nand 200L, 1000L in bulk<\/p>\n","protected":false},"featured_media":1661,"template":"","meta":[],"product_brand":[],"product_cat":[1888],"product_tag":[2051,1145],"gamme":[1904,1946],"marque":[1955],"effets":[2027,1977],"class_list":{"0":"post-1749","1":"product","2":"type-product","3":"status-publish","4":"has-post-thumbnail","6":"product_cat-consumables-en","7":"product_tag-made-in-france-en","8":"product_tag-new","9":"gamme-creeper-low-fog-range-en","10":"gamme-low-smoke-fluid-en","11":"marque-premium-fluids-en","12":"effets-low-fog-machines","13":"effets-smoke-low-fog","15":"first","16":"instock","17":"taxable","18":"shipping-taxable","19":"purchasable","20":"product-type-variable","21":"has-default-attributes"},"acf":{"pas_de_documention":false,"archive_medias":"","archive_documentation":"","documents_techniques":[{"nom_du_fichier":"FICHE DE DONN\u00c9ES DE S\u00c9CURIT\u00c9","nom_du_fichier_en":"FRANCAIS","sku_variation":"","fichier_pdf":148848},{"nom_du_fichier":"MATERIAL SAFETY DATA SHEET","nom_du_fichier_en":"ENGLISH","sku_variation":"","fichier_pdf":148850},{"nom_du_fichier":"SICHERHEITSDATENBLATT","nom_du_fichier_en":"GERMAN","sku_variation":"","fichier_pdf":148852}]},"_links":{"self":[{"href":"https:\/\/premiumfx.eu\/en\/wp-json\/wp\/v2\/product\/1749","targetHints":{"allow":["GET"]}}],"collection":[{"href":"https:\/\/premiumfx.eu\/en\/wp-json\/wp\/v2\/product"}],"about":[{"href":"https:\/\/premiumfx.eu\/en\/wp-json\/wp\/v2\/types\/product"}],"wp:featuredmedia":[{"embeddable":true,"href":"https:\/\/premiumfx.eu\/en\/wp-json\/wp\/v2\/media\/1661"}],"wp:attachment":[{"href":"https:\/\/premiumfx.eu\/en\/wp-json\/wp\/v2\/media?parent=1749"}],"wp:term":[{"taxonomy":"product_brand","embeddable":true,"href":"https:\/\/premiumfx.eu\/en\/wp-json\/wp\/v2\/product_brand?post=1749"},{"taxonomy":"product_cat","embeddable":true,"href":"https:\/\/premiumfx.eu\/en\/wp-json\/wp\/v2\/product_cat?post=1749"},{"taxonomy":"product_tag","embeddable":true,"href":"https:\/\/premiumfx.eu\/en\/wp-json\/wp\/v2\/product_tag?post=1749"},{"taxonomy":"gamme","embeddable":true,"href":"https:\/\/premiumfx.eu\/en\/wp-json\/wp\/v2\/gamme?post=1749"},{"taxonomy":"marque","embeddable":true,"href":"https:\/\/premiumfx.eu\/en\/wp-json\/wp\/v2\/marque?post=1749"},{"taxonomy":"effets","embeddable":true,"href":"https:\/\/premiumfx.eu\/en\/wp-json\/wp\/v2\/effets?post=1749"}],"curies":[{"name":"wp","href":"https:\/\/api.w.org\/{rel}","templated":true}]}}