{"id":145497,"date":"2024-02-08T09:24:44","date_gmt":"2024-02-08T08:24:44","guid":{"rendered":"https:\/\/premiumfx.eu\/?post_type=product&#038;p=145497"},"modified":"2024-05-09T15:49:50","modified_gmt":"2024-05-09T13:49:50","slug":"premium-low-smoke-fluid-hd","status":"publish","type":"product","link":"https:\/\/premiumfx.eu\/en\/produit\/premium-low-smoke-fluid-hd\/","title":{"rendered":"PREMIUM LOW SMOKE FLUID DENSE"},"content":{"rendered":"<p>The <strong>HD &#8211; LOW FOG<\/strong> ready-to-use fluid is specially formulated for <strong>outdoor use<\/strong> with low-fog machines using Glaciator or Ice Fog heating elements.<\/p>\n<p>These are professional quality fluids that fully comply with current standards and are completely <strong>environmentally neutral<\/strong>.<\/p>\n<p>Discover our <a href=\"https:\/\/premiumfx.eu\/en\/effets\/fumee-brouillard\">Low Smoke Machines<\/a><\/p>\n","protected":false},"excerpt":{"rendered":"<p>Ready to Use &#8211; Outdoor<br \/>\nAvailable in 5L, 10L, 20L<br \/>\nand 200L, 1000L in bulk<\/p>\n","protected":false},"featured_media":145549,"template":"","meta":[],"product_brand":[],"product_cat":[1888],"product_tag":[2051,1145],"gamme":[1904,1946],"marque":[1955],"effets":[2027,1977],"class_list":{"0":"post-145497","1":"product","2":"type-product","3":"status-publish","4":"has-post-thumbnail","6":"product_cat-consumables-en","7":"product_tag-made-in-france-en","8":"product_tag-new","9":"gamme-creeper-low-fog-range-en","10":"gamme-low-smoke-fluid-en","11":"marque-premium-fluids-en","12":"effets-low-fog-machines","13":"effets-smoke-low-fog","15":"first","16":"instock","17":"taxable","18":"shipping-taxable","19":"purchasable","20":"product-type-variable","21":"has-default-attributes"},"acf":{"pas_de_documention":false,"archive_medias":"","archive_documentation":"","documents_techniques":[{"nom_du_fichier":"FICHE DE DONN\u00c9ES DE S\u00c9CURIT\u00c9","nom_du_fichier_en":"FRANCAIS","sku_variation":"","fichier_pdf":149069},{"nom_du_fichier":"MATERIAL SAFETY DATA SHEET","nom_du_fichier_en":"ENGLISH","sku_variation":"","fichier_pdf":149071},{"nom_du_fichier":"SICHERHEITSDATENBLATT","nom_du_fichier_en":"GERMAN","sku_variation":"","fichier_pdf":149073}]},"_links":{"self":[{"href":"https:\/\/premiumfx.eu\/en\/wp-json\/wp\/v2\/product\/145497","targetHints":{"allow":["GET"]}}],"collection":[{"href":"https:\/\/premiumfx.eu\/en\/wp-json\/wp\/v2\/product"}],"about":[{"href":"https:\/\/premiumfx.eu\/en\/wp-json\/wp\/v2\/types\/product"}],"wp:featuredmedia":[{"embeddable":true,"href":"https:\/\/premiumfx.eu\/en\/wp-json\/wp\/v2\/media\/145549"}],"wp:attachment":[{"href":"https:\/\/premiumfx.eu\/en\/wp-json\/wp\/v2\/media?parent=145497"}],"wp:term":[{"taxonomy":"product_brand","embeddable":true,"href":"https:\/\/premiumfx.eu\/en\/wp-json\/wp\/v2\/product_brand?post=145497"},{"taxonomy":"product_cat","embeddable":true,"href":"https:\/\/premiumfx.eu\/en\/wp-json\/wp\/v2\/product_cat?post=145497"},{"taxonomy":"product_tag","embeddable":true,"href":"https:\/\/premiumfx.eu\/en\/wp-json\/wp\/v2\/product_tag?post=145497"},{"taxonomy":"gamme","embeddable":true,"href":"https:\/\/premiumfx.eu\/en\/wp-json\/wp\/v2\/gamme?post=145497"},{"taxonomy":"marque","embeddable":true,"href":"https:\/\/premiumfx.eu\/en\/wp-json\/wp\/v2\/marque?post=145497"},{"taxonomy":"effets","embeddable":true,"href":"https:\/\/premiumfx.eu\/en\/wp-json\/wp\/v2\/effets?post=145497"}],"curies":[{"name":"wp","href":"https:\/\/api.w.org\/{rel}","templated":true}]}}