{"id":134984,"date":"2023-02-21T10:29:34","date_gmt":"2023-02-21T09:29:35","guid":{"rendered":"https:\/\/premiumfx.eu\/?post_type=product&#038;p=134984"},"modified":"2025-03-24T11:57:46","modified_gmt":"2025-03-24T10:57:46","slug":"main-hose-125-dn32","status":"publish","type":"product","link":"https:\/\/premiumfx.eu\/en\/produit\/main-hose-125-dn32\/","title":{"rendered":"MAIN HOSE 1&#8243;\u00bc DN32"},"content":{"rendered":"<p>Tuyau principal de ravitaillement pour <a href=\"https:\/\/premiumfx.eu\/wp-content\/uploads\/docs\/BROCHURE-SHOWVEN-FLAME-SYSTEM-2023-LQ.pdf\"><strong>Showven Flame System<\/strong><\/a> avec entr\u00e9e et sortie 1\u00bc&#8221;.<\/p>\n<p>Ce tuyau a \u00e9t\u00e9 con\u00e7u pour relier la <strong><a href=\"https:\/\/premiumfx.eu\/boutique\/u-pumper-p20\/\">U-PUMPER P20<\/a><\/strong> \u00e0 une\u00a0<strong>NOURRICE DE DISTRIBUTION<\/strong>.<\/p>\n","protected":false},"excerpt":{"rendered":"<p>Tuyau principal de ravitaillement pour Showven Flame System avec entr\u00e9e et sortie 1\u00bc&#8221;. Ce tuyau a \u00e9t\u00e9 con\u00e7u pour relier la U-PUMPER P20 \u00e0 une\u00a0NOURRICE DE DISTRIBUTION.<\/p>\n","protected":false},"featured_media":135292,"template":"","meta":[],"product_brand":[],"product_cat":[151],"product_tag":[1145],"gamme":[2091,1900,2116,1901],"marque":[1951],"effets":[2079,2062,2063],"class_list":{"0":"post-134984","1":"product","2":"type-product","3":"status-publish","4":"has-post-thumbnail","6":"product_cat-accessories-en","7":"product_tag-new","8":"gamme-accessories-showven","9":"gamme-circle-flamer-range-en","10":"gamme-flame-system-kit-en","11":"gamme-u-flamer-range-en","12":"marque-showven-en","13":"effets-fire","14":"effets-flame-machines-with-rotation","15":"effets-straight-flame-machines","17":"first","18":"instock","19":"taxable","20":"shipping-taxable","21":"purchasable","22":"product-type-variable"},"acf":{"pas_de_documention":true,"archive_medias":"","archive_documentation":"","documents_techniques":[{"nom_du_fichier":"CATALOGUE PRODUITS SHOWVEN","nom_du_fichier_en":"SHOWVEN PRODUCTS CATALOG","sku_variation":"","fichier_pdf":137900},{"nom_du_fichier":"FICHE TECHNIQUE SHOWVEN FLAME SYSTEM","nom_du_fichier_en":"DATASHEET SHOWVEN FLAME SYSTEM","sku_variation":"","fichier_pdf":135560},{"nom_du_fichier":"FICHE TECHNIQUE SHOWVEN SINGLE FLAME SYSTEM","nom_du_fichier_en":"DATASHEET SHOWVEN SINGLE FLAME SYSTEM","sku_variation":"","fichier_pdf":135566}]},"_links":{"self":[{"href":"https:\/\/premiumfx.eu\/en\/wp-json\/wp\/v2\/product\/134984","targetHints":{"allow":["GET"]}}],"collection":[{"href":"https:\/\/premiumfx.eu\/en\/wp-json\/wp\/v2\/product"}],"about":[{"href":"https:\/\/premiumfx.eu\/en\/wp-json\/wp\/v2\/types\/product"}],"wp:featuredmedia":[{"embeddable":true,"href":"https:\/\/premiumfx.eu\/en\/wp-json\/wp\/v2\/media\/135292"}],"wp:attachment":[{"href":"https:\/\/premiumfx.eu\/en\/wp-json\/wp\/v2\/media?parent=134984"}],"wp:term":[{"taxonomy":"product_brand","embeddable":true,"href":"https:\/\/premiumfx.eu\/en\/wp-json\/wp\/v2\/product_brand?post=134984"},{"taxonomy":"product_cat","embeddable":true,"href":"https:\/\/premiumfx.eu\/en\/wp-json\/wp\/v2\/product_cat?post=134984"},{"taxonomy":"product_tag","embeddable":true,"href":"https:\/\/premiumfx.eu\/en\/wp-json\/wp\/v2\/product_tag?post=134984"},{"taxonomy":"gamme","embeddable":true,"href":"https:\/\/premiumfx.eu\/en\/wp-json\/wp\/v2\/gamme?post=134984"},{"taxonomy":"marque","embeddable":true,"href":"https:\/\/premiumfx.eu\/en\/wp-json\/wp\/v2\/marque?post=134984"},{"taxonomy":"effets","embeddable":true,"href":"https:\/\/premiumfx.eu\/en\/wp-json\/wp\/v2\/effets?post=134984"}],"curies":[{"name":"wp","href":"https:\/\/api.w.org\/{rel}","templated":true}]}}