{"id":131692,"date":"2022-08-22T10:39:18","date_gmt":"2022-08-22T08:39:18","guid":{"rendered":"https:\/\/premiumfx.eu\/?post_type=product&#038;p=131692"},"modified":"2024-02-15T20:51:53","modified_gmt":"2024-02-15T19:51:53","slug":"premium-isopro-fire-fluid","status":"publish","type":"product","link":"https:\/\/premiumfx.eu\/en\/produit\/premium-isopro-fire-fluid\/","title":{"rendered":"PREMIUM ISOPRO FIRE FLUID"},"content":{"rendered":"<p>The ready-to-use flame liquid <strong>PREMIUM ISOPRO FIRE FLUID <\/strong>produces powerful flames on many machines on the market but you must check the compatibility with your equipment before using it. This product is particularly suitable for indoor use but is also suitable for outdoor use.<\/p>\n<p>Its flash point is 12\u00b0, so this product is <strong>highly flammable and is subject to certain regulatory constraints<\/strong> in transport, storage and use.<\/p>\n<p>These are professional-grade fluids that are fully compliant and completely <strong>environmentally neutral<\/strong>.<\/p>\n<p><strong>This product should only be used by qualified and professional persons in the field of Special Effects or Pyrotechnics.<\/strong><\/p>\n<p>Discover our <a href=\"https:\/\/premiumfx.eu\/en\/effects\/fire-en\/\">Flame Machines<\/a><\/p>\n","protected":false},"excerpt":{"rendered":"<p>Ready to use<br \/>\nAvailable in 5L, 10L, 20L<br \/>\nand 200L, 1000L in bulk<\/p>\n","protected":false},"featured_media":1507,"template":"","meta":[],"product_brand":[],"product_cat":[1888],"product_tag":[2051,1145],"gamme":[1900,1944,2116,1901],"marque":[1955],"effets":[2079],"class_list":{"0":"post-131692","1":"product","2":"type-product","3":"status-publish","4":"has-post-thumbnail","6":"product_cat-consumables-en","7":"product_tag-made-in-france-en","8":"product_tag-new","9":"gamme-circle-flamer-range-en","10":"gamme-fire-fluid-en","11":"gamme-flame-system-kit-en","12":"gamme-u-flamer-range-en","13":"marque-premium-fluids-en","14":"effets-fire","16":"first","17":"instock","18":"taxable","19":"shipping-taxable","20":"purchasable","21":"product-type-variable","22":"has-default-attributes"},"acf":{"pas_de_documention":false,"archive_medias":"","archive_documentation":"","documents_techniques":[{"nom_du_fichier":"FICHE TECHNIQUE","nom_du_fichier_en":"FRANCAIS","sku_variation":"","fichier_pdf":10126},{"nom_du_fichier":"FICHE DE DONN\u00c9ES DE S\u00c9CURIT\u00c9","nom_du_fichier_en":"FRANCAIS","sku_variation":"","fichier_pdf":148829},{"nom_du_fichier":"TECHNICAL DATA SHEET","nom_du_fichier_en":"ENGLISH","sku_variation":"","fichier_pdf":10136},{"nom_du_fichier":"MATERIAL SAFETY DATA SHEET","nom_du_fichier_en":"ENGLISH","sku_variation":"","fichier_pdf":148835},{"nom_du_fichier":"SICHERHEITSDATENBLATT","nom_du_fichier_en":"GERMAN","sku_variation":"","fichier_pdf":148839}]},"_links":{"self":[{"href":"https:\/\/premiumfx.eu\/en\/wp-json\/wp\/v2\/product\/131692","targetHints":{"allow":["GET"]}}],"collection":[{"href":"https:\/\/premiumfx.eu\/en\/wp-json\/wp\/v2\/product"}],"about":[{"href":"https:\/\/premiumfx.eu\/en\/wp-json\/wp\/v2\/types\/product"}],"wp:featuredmedia":[{"embeddable":true,"href":"https:\/\/premiumfx.eu\/en\/wp-json\/wp\/v2\/media\/1507"}],"wp:attachment":[{"href":"https:\/\/premiumfx.eu\/en\/wp-json\/wp\/v2\/media?parent=131692"}],"wp:term":[{"taxonomy":"product_brand","embeddable":true,"href":"https:\/\/premiumfx.eu\/en\/wp-json\/wp\/v2\/product_brand?post=131692"},{"taxonomy":"product_cat","embeddable":true,"href":"https:\/\/premiumfx.eu\/en\/wp-json\/wp\/v2\/product_cat?post=131692"},{"taxonomy":"product_tag","embeddable":true,"href":"https:\/\/premiumfx.eu\/en\/wp-json\/wp\/v2\/product_tag?post=131692"},{"taxonomy":"gamme","embeddable":true,"href":"https:\/\/premiumfx.eu\/en\/wp-json\/wp\/v2\/gamme?post=131692"},{"taxonomy":"marque","embeddable":true,"href":"https:\/\/premiumfx.eu\/en\/wp-json\/wp\/v2\/marque?post=131692"},{"taxonomy":"effets","embeddable":true,"href":"https:\/\/premiumfx.eu\/en\/wp-json\/wp\/v2\/effets?post=131692"}],"curies":[{"name":"wp","href":"https:\/\/api.w.org\/{rel}","templated":true}]}}