{"id":122247,"date":"2022-03-17T15:27:54","date_gmt":"2022-03-17T14:27:54","guid":{"rendered":"https:\/\/premiumfx.eu\/boutique\/snow-fluid-ready-to-use-premium-light\/"},"modified":"2024-02-15T20:51:27","modified_gmt":"2024-02-15T19:51:27","slug":"snow-fluid-ready-to-use-premium-light","status":"publish","type":"product","link":"https:\/\/premiumfx.eu\/en\/produit\/snow-fluid-ready-to-use-premium-light\/","title":{"rendered":"SNOW FLUID READY TO USE PREMIUM LIGHT"},"content":{"rendered":"<p><strong>LIGHT Premium Fluids<\/strong> ready-to-use snow fluid works with all bubble machines on the market. It is a lighter snow liquid suitable for indoor use. Discover our selection:<\/p>\n<p>\u2022 <strong>RTU STD SNOW FLUID<\/strong>, a standard ready-to-use fluid<br \/>\n\u2022 <strong>RTU LIGHT SNOW FLUID<\/strong>, a lighter ready-to-use fluid<br \/>\n\u2022 <strong>CC 5-10% SNOW FLUID<\/strong>, a concentrated liquid to be diluted with 90-95% water<\/p>\n<p>These are professional-grade fluids that are fully compliant and completely <strong>environmentally neutral<\/strong>.<\/p>\n<p>Discover our <a href=\"https:\/\/premiumfx.eu\/en\/effets\/neige\">Snow Machines<\/a><\/p>\n","protected":false},"excerpt":{"rendered":"<p>Ready to Use Light Density<br \/>\nAvailable in 5L, 10L, 20L<br \/>\nand 200L, 1000L in bulk<\/p>\n","protected":false},"featured_media":1502,"template":"","meta":[],"product_brand":[],"product_cat":[1888],"product_tag":[2051,1145],"gamme":[1942,1905],"marque":[1955],"effets":[1989,1958],"class_list":{"0":"post-122247","1":"product","2":"type-product","3":"status-publish","4":"has-post-thumbnail","6":"product_cat-consumables-en","7":"product_tag-made-in-france-en","8":"product_tag-new","9":"gamme-snow-fluid-en","10":"gamme-range-ue-touring-en","11":"marque-premium-fluids-en","12":"effets-flake-snow-machine","13":"effets-snow","15":"first","16":"instock","17":"taxable","18":"shipping-taxable","19":"purchasable","20":"product-type-variable","21":"has-default-attributes"},"acf":{"pas_de_documention":false,"archive_medias":"","archive_documentation":"","documents_techniques":[{"nom_du_fichier":"FICHE TECHNIQUE","nom_du_fichier_en":"FRANCAIS","sku_variation":"","fichier_pdf":10049},{"nom_du_fichier":"FICHE DE DONN\u00c9ES DE S\u00c9CURIT\u00c9","nom_du_fichier_en":"FRANCAIS","sku_variation":"","fichier_pdf":148803},{"nom_du_fichier":"TECHNICAL DATA SHEET","nom_du_fichier_en":"ENGLISH","sku_variation":"","fichier_pdf":10077},{"nom_du_fichier":"MATERIAL SAFETY DATA SHEET","nom_du_fichier_en":"ENGLISH","sku_variation":"","fichier_pdf":148815},{"nom_du_fichier":"SICHERHEITSDATENBLATT","nom_du_fichier_en":"GERMAN","sku_variation":"","fichier_pdf":148823}]},"_links":{"self":[{"href":"https:\/\/premiumfx.eu\/en\/wp-json\/wp\/v2\/product\/122247","targetHints":{"allow":["GET"]}}],"collection":[{"href":"https:\/\/premiumfx.eu\/en\/wp-json\/wp\/v2\/product"}],"about":[{"href":"https:\/\/premiumfx.eu\/en\/wp-json\/wp\/v2\/types\/product"}],"wp:featuredmedia":[{"embeddable":true,"href":"https:\/\/premiumfx.eu\/en\/wp-json\/wp\/v2\/media\/1502"}],"wp:attachment":[{"href":"https:\/\/premiumfx.eu\/en\/wp-json\/wp\/v2\/media?parent=122247"}],"wp:term":[{"taxonomy":"product_brand","embeddable":true,"href":"https:\/\/premiumfx.eu\/en\/wp-json\/wp\/v2\/product_brand?post=122247"},{"taxonomy":"product_cat","embeddable":true,"href":"https:\/\/premiumfx.eu\/en\/wp-json\/wp\/v2\/product_cat?post=122247"},{"taxonomy":"product_tag","embeddable":true,"href":"https:\/\/premiumfx.eu\/en\/wp-json\/wp\/v2\/product_tag?post=122247"},{"taxonomy":"gamme","embeddable":true,"href":"https:\/\/premiumfx.eu\/en\/wp-json\/wp\/v2\/gamme?post=122247"},{"taxonomy":"marque","embeddable":true,"href":"https:\/\/premiumfx.eu\/en\/wp-json\/wp\/v2\/marque?post=122247"},{"taxonomy":"effets","embeddable":true,"href":"https:\/\/premiumfx.eu\/en\/wp-json\/wp\/v2\/effets?post=122247"}],"curies":[{"name":"wp","href":"https:\/\/api.w.org\/{rel}","templated":true}]}}