{"id":122175,"date":"2022-03-17T09:50:56","date_gmt":"2022-03-17T08:50:56","guid":{"rendered":"https:\/\/premiumfx.eu\/boutique\/xt-premium-series-dense-smoke-fluid\/"},"modified":"2022-06-15T10:48:41","modified_gmt":"2022-06-15T08:48:41","slug":"xt-premium-series-dense-smoke-fluid","status":"publish","type":"product","link":"https:\/\/premiumfx.eu\/en\/produit\/xt-premium-series-dense-smoke-fluid\/","title":{"rendered":"XT PREMIUM SERIES DENSE SMOKE FLUID"},"content":{"rendered":"<p>Our components being the same as the fluids of the machine builders, our fluids work on all machines using a heating element. Knowing that certain densities are more suitable for certain machines because not all of them have the same capacities. This is why we have 3 ranges of smoke fluids, each with <strong>several levels of density -&gt; Light | Medium | High | Extreme |<\/strong> <strong> Outdoor.<\/strong> <strong>The XT range corresponds to a fast dispersal rate<\/strong>. Suitable for Special Effects and Live Performance. Safety Data Sheet and Technical Data Sheet instructions for use downloadable from our website.<\/p>\n","protected":false},"excerpt":{"rendered":"<p>5 Densities with Fast Dispersion<\/p>\n","protected":false},"featured_media":1647,"template":"","meta":[],"product_brand":[],"product_cat":[1888],"product_tag":[2051,1145],"gamme":[1903,1902,1945],"marque":[1955],"effets":[2027,1977],"class_list":{"0":"post-122175","1":"product","2":"type-product","3":"status-publish","4":"has-post-thumbnail","6":"product_cat-consumables-en","7":"product_tag-made-in-france-en","8":"product_tag-new","9":"gamme-pro-fog-range-en","10":"gamme-gamme-smoke-jet","11":"gamme-std-smoke-fluid-en","12":"marque-premium-fluids-en","13":"effets-low-fog-machines","14":"effets-smoke-low-fog","16":"first","17":"instock","18":"taxable","19":"shipping-taxable","20":"purchasable","21":"product-type-variable","22":"has-default-attributes"},"acf":{"pas_de_documention":false,"archive_medias":"","archive_documentation":"","documents_techniques":[{"nom_du_fichier":"FICHE TECHNIQUE","nom_du_fichier_en":"FRANCAIS","sku_variation":"","fichier_pdf":10386},{"nom_du_fichier":"FICHE DE DONN\u00c9ES DE S\u00c9CURIT\u00c9","nom_du_fichier_en":"FRANCAIS","sku_variation":"","fichier_pdf":148951},{"nom_du_fichier":"TECHNICAL DATA SHEET","nom_du_fichier_en":"ENGLISH","sku_variation":"","fichier_pdf":10426},{"nom_du_fichier":"MATERIAL SAFETY DATA SHEET","nom_du_fichier_en":"ENGLISH","sku_variation":"","fichier_pdf":148985},{"nom_du_fichier":"SICHERHEITSDATENBLATT","nom_du_fichier_en":"GERMAN","sku_variation":"","fichier_pdf":149019}]},"_links":{"self":[{"href":"https:\/\/premiumfx.eu\/en\/wp-json\/wp\/v2\/product\/122175","targetHints":{"allow":["GET"]}}],"collection":[{"href":"https:\/\/premiumfx.eu\/en\/wp-json\/wp\/v2\/product"}],"about":[{"href":"https:\/\/premiumfx.eu\/en\/wp-json\/wp\/v2\/types\/product"}],"wp:featuredmedia":[{"embeddable":true,"href":"https:\/\/premiumfx.eu\/en\/wp-json\/wp\/v2\/media\/1647"}],"wp:attachment":[{"href":"https:\/\/premiumfx.eu\/en\/wp-json\/wp\/v2\/media?parent=122175"}],"wp:term":[{"taxonomy":"product_brand","embeddable":true,"href":"https:\/\/premiumfx.eu\/en\/wp-json\/wp\/v2\/product_brand?post=122175"},{"taxonomy":"product_cat","embeddable":true,"href":"https:\/\/premiumfx.eu\/en\/wp-json\/wp\/v2\/product_cat?post=122175"},{"taxonomy":"product_tag","embeddable":true,"href":"https:\/\/premiumfx.eu\/en\/wp-json\/wp\/v2\/product_tag?post=122175"},{"taxonomy":"gamme","embeddable":true,"href":"https:\/\/premiumfx.eu\/en\/wp-json\/wp\/v2\/gamme?post=122175"},{"taxonomy":"marque","embeddable":true,"href":"https:\/\/premiumfx.eu\/en\/wp-json\/wp\/v2\/marque?post=122175"},{"taxonomy":"effets","embeddable":true,"href":"https:\/\/premiumfx.eu\/en\/wp-json\/wp\/v2\/effets?post=122175"}],"curies":[{"name":"wp","href":"https:\/\/api.w.org\/{rel}","templated":true}]}}