{"id":122163,"date":"2022-03-17T11:23:12","date_gmt":"2022-03-17T10:23:12","guid":{"rendered":"https:\/\/premiumfx.eu\/boutique\/extreme-smoke-fluid-st-premium-range\/"},"modified":"2022-06-14T15:44:07","modified_gmt":"2022-06-14T13:44:07","slug":"extreme-smoke-fluid-st-premium-range","status":"publish","type":"product","link":"https:\/\/premiumfx.eu\/en\/produit\/extreme-smoke-fluid-st-premium-range\/","title":{"rendered":"EXTREME SMOKE FLUID ST PREMIUM RANGE"},"content":{"rendered":"<p><strong>ST PREMIUM RANGE EXTREME SMOKE FLUID <\/strong>ready-to-use smoke fluid works with all smoke machines using a heating element and corresponds to a standard dispersion speed. Discover our selection: \u2022 <strong>ST PREMIUM RANGE LIGHT SMOKE FLUID<\/strong>, for low density smoke \u2022 <strong>ST PREMIUM RANGE MEDIUM SMOKE FLUID<\/strong>, for classic density smoke \u2022 <strong>ST PREMIUM RANGE DENSE SMOKE FLUID<\/strong>, for high density smoke \u2022 <strong>ST PREMIUM RANGE EXTREME SMOKE FLUID<\/strong>, for very high density smoke These are professional-grade fluids that are fully compliant and completely <strong>environmentally neutral<\/strong>. Discover our <a href=\"https:\/\/premiumfx.eu\/en\/effets\/fumee-brouillard\">Smoke Machines<\/a><\/p>\n","protected":false},"excerpt":{"rendered":"<p>Ready to Use Standard Dispersion Available in 5L, 10L, 20L and 200L, 1000L in bulk<\/p>\n","protected":false},"featured_media":1586,"template":"","meta":[],"product_brand":[],"product_cat":[1888],"product_tag":[2051,1145],"gamme":[1903,1902,1945],"marque":[1955],"effets":[2031,1977],"class_list":{"0":"post-122163","1":"product","2":"type-product","3":"status-publish","4":"has-post-thumbnail","6":"product_cat-consumables-en","7":"product_tag-made-in-france-en","8":"product_tag-new","9":"gamme-pro-fog-range-en","10":"gamme-gamme-smoke-jet","11":"gamme-std-smoke-fluid-en","12":"marque-premium-fluids-en","13":"effets-professional-smoke-machines","14":"effets-smoke-low-fog","16":"first","17":"instock","18":"taxable","19":"shipping-taxable","20":"purchasable","21":"product-type-variable","22":"has-default-attributes"},"acf":{"pas_de_documention":false,"archive_medias":"","archive_documentation":"","documents_techniques":[{"nom_du_fichier":"FICHE TECHNIQUE","nom_du_fichier_en":"FRANCAIS","sku_variation":"","fichier_pdf":10293},{"nom_du_fichier":"FICHE DE DONN\u00c9ES DE S\u00c9CURIT\u00c9","nom_du_fichier_en":"FRANCAIS","sku_variation":"","fichier_pdf":148939},{"nom_du_fichier":"TECHNICAL DATA SHEET","nom_du_fichier_en":"ENGLISH","sku_variation":"","fichier_pdf":10329},{"nom_du_fichier":"MATERIAL SAFETY DATA SHEET","nom_du_fichier_en":"ENGLISH","sku_variation":"","fichier_pdf":148973},{"nom_du_fichier":"SICHERHEITSDATENBLATT","nom_du_fichier_en":"GERMAN","sku_variation":"","fichier_pdf":149007}]},"_links":{"self":[{"href":"https:\/\/premiumfx.eu\/en\/wp-json\/wp\/v2\/product\/122163","targetHints":{"allow":["GET"]}}],"collection":[{"href":"https:\/\/premiumfx.eu\/en\/wp-json\/wp\/v2\/product"}],"about":[{"href":"https:\/\/premiumfx.eu\/en\/wp-json\/wp\/v2\/types\/product"}],"wp:featuredmedia":[{"embeddable":true,"href":"https:\/\/premiumfx.eu\/en\/wp-json\/wp\/v2\/media\/1586"}],"wp:attachment":[{"href":"https:\/\/premiumfx.eu\/en\/wp-json\/wp\/v2\/media?parent=122163"}],"wp:term":[{"taxonomy":"product_brand","embeddable":true,"href":"https:\/\/premiumfx.eu\/en\/wp-json\/wp\/v2\/product_brand?post=122163"},{"taxonomy":"product_cat","embeddable":true,"href":"https:\/\/premiumfx.eu\/en\/wp-json\/wp\/v2\/product_cat?post=122163"},{"taxonomy":"product_tag","embeddable":true,"href":"https:\/\/premiumfx.eu\/en\/wp-json\/wp\/v2\/product_tag?post=122163"},{"taxonomy":"gamme","embeddable":true,"href":"https:\/\/premiumfx.eu\/en\/wp-json\/wp\/v2\/gamme?post=122163"},{"taxonomy":"marque","embeddable":true,"href":"https:\/\/premiumfx.eu\/en\/wp-json\/wp\/v2\/marque?post=122163"},{"taxonomy":"effets","embeddable":true,"href":"https:\/\/premiumfx.eu\/en\/wp-json\/wp\/v2\/effets?post=122163"}],"curies":[{"name":"wp","href":"https:\/\/api.w.org\/{rel}","templated":true}]}}