{"id":122156,"date":"2022-03-17T11:23:12","date_gmt":"2022-03-17T10:23:12","guid":{"rendered":"https:\/\/premiumfx.eu\/boutique\/dense-smoke-liquid-st-premium-range\/"},"modified":"2023-01-09T16:43:40","modified_gmt":"2023-01-09T15:43:40","slug":"dense-smoke-liquid-st-premium-range","status":"publish","type":"product","link":"https:\/\/premiumfx.eu\/en\/produit\/dense-smoke-liquid-st-premium-range\/","title":{"rendered":"DENSE SMOKE LIQUID ST PREMIUM RANGE"},"content":{"rendered":"<p><strong>ST PREMIUM RANGE DENSE SMOKE LIQUID<\/strong> ready-to-use smoke liquid works with all smoke machines using a heater and matches a standard dispersion rate.<br \/>Discover our selection:<\/p>\n<p>\u2022 <strong>ST PREMIUM RANGE LIGHT SMOKE LIQUID<\/strong>, for low density smoke <br \/>\u2022 <strong>ST PREMIUM RANGE MEDIUM SMOKE LIQUID<\/strong>, for classic density smoke <br \/>\u2022 <strong>ST PREMIUM RANGE DENSE SMOKE LIQUID<\/strong>, for high density smoke <br \/>\u2022 <strong>ST PREMIUM RANGE EXTREME SMOKE LIQUID<\/strong>, for very high density smoke These are professional-grade fluids that are fully compliant and completely <strong>environmentally neutral<\/strong>.<\/p>\n<p>Discover our <a href=\"https:\/\/premiumfx.eu\/en\/effects\/smoke-low-fog\/\">Smoke Machines<\/a><\/p>\n","protected":false},"excerpt":{"rendered":"<p>Ready to Use Standard Dispersion Available in 5L, 10L, 20L and 200L, 1000L in bulk<\/p>\n","protected":false},"featured_media":1585,"template":"","meta":[],"product_brand":[],"product_cat":[1756],"product_tag":[1896,1063],"gamme":[1805,1804,1881],"marque":[1777],"effets":[1868,1769],"class_list":{"0":"post-122156","1":"product","2":"type-product","3":"status-publish","4":"has-post-thumbnail","6":"product_cat-consommables","7":"product_tag-made-in-france","8":"product_tag-neuf","9":"gamme-gamme-pro-fog","10":"gamme-gamme-smoke-jet","11":"gamme-liquide-a-fumee-standard","12":"marque-premium-fluids","13":"effets-machines-a-fumee","14":"effets-fumee-brouillard","16":"first","17":"instock","18":"taxable","19":"shipping-taxable","20":"purchasable","21":"product-type-variable","22":"has-default-attributes"},"acf":{"pas_de_documention":false,"archive_medias":"","archive_documentation":"","documents_techniques":[{"nom_du_fichier":"FICHE TECHNIQUE","nom_du_fichier_en":"FRANCAIS","sku_variation":"","fichier_pdf":10293},{"nom_du_fichier":"FICHE DE DONN\u00c9ES DE S\u00c9CURIT\u00c9","nom_du_fichier_en":"FRANCAIS","sku_variation":"","fichier_pdf":148941},{"nom_du_fichier":"TECHNICAL DATA SHEET","nom_du_fichier_en":"ENGLISH","sku_variation":"","fichier_pdf":10329},{"nom_du_fichier":"MATERIAL SAFETY DATA SHEET","nom_du_fichier_en":"ENGLISH","sku_variation":"","fichier_pdf":148975},{"nom_du_fichier":"SICHERHEITSDATENBLATT","nom_du_fichier_en":"GERMAN","sku_variation":"","fichier_pdf":149009}]},"_links":{"self":[{"href":"https:\/\/premiumfx.eu\/en\/wp-json\/wp\/v2\/product\/122156","targetHints":{"allow":["GET"]}}],"collection":[{"href":"https:\/\/premiumfx.eu\/en\/wp-json\/wp\/v2\/product"}],"about":[{"href":"https:\/\/premiumfx.eu\/en\/wp-json\/wp\/v2\/types\/product"}],"wp:featuredmedia":[{"embeddable":true,"href":"https:\/\/premiumfx.eu\/en\/wp-json\/wp\/v2\/media\/1585"}],"wp:attachment":[{"href":"https:\/\/premiumfx.eu\/en\/wp-json\/wp\/v2\/media?parent=122156"}],"wp:term":[{"taxonomy":"product_brand","embeddable":true,"href":"https:\/\/premiumfx.eu\/en\/wp-json\/wp\/v2\/product_brand?post=122156"},{"taxonomy":"product_cat","embeddable":true,"href":"https:\/\/premiumfx.eu\/en\/wp-json\/wp\/v2\/product_cat?post=122156"},{"taxonomy":"product_tag","embeddable":true,"href":"https:\/\/premiumfx.eu\/en\/wp-json\/wp\/v2\/product_tag?post=122156"},{"taxonomy":"gamme","embeddable":true,"href":"https:\/\/premiumfx.eu\/en\/wp-json\/wp\/v2\/gamme?post=122156"},{"taxonomy":"marque","embeddable":true,"href":"https:\/\/premiumfx.eu\/en\/wp-json\/wp\/v2\/marque?post=122156"},{"taxonomy":"effets","embeddable":true,"href":"https:\/\/premiumfx.eu\/en\/wp-json\/wp\/v2\/effets?post=122156"}],"curies":[{"name":"wp","href":"https:\/\/api.w.org\/{rel}","templated":true}]}}