{"id":122152,"date":"2022-03-17T11:22:51","date_gmt":"2022-03-17T10:22:51","guid":{"rendered":"https:\/\/premiumfx.eu\/boutique\/medium-smoke-liquid-st-premium-range\/"},"modified":"2023-01-09T16:43:41","modified_gmt":"2023-01-09T15:43:41","slug":"medium-smoke-fluid-st-premium-range","status":"publish","type":"product","link":"https:\/\/premiumfx.eu\/en\/produit\/medium-smoke-fluid-st-premium-range\/","title":{"rendered":"MEDIUM SMOKE FLUID ST PREMIUM RANGE"},"content":{"rendered":"<p><strong>ST PREMIUM MEDIUM RANGE SMOKE LIQUID<\/strong> ready to use works with all smoke machines using a heating element and corresponds to a standard dispersion speed. <br \/>Discover our selection:<\/p>\n<p>\u2022 <strong>ST PREMIUM RANGE LIGHT SMOKE FLUID<\/strong>, for low density smoke <br \/>\u2022 <strong>ST PREMIUM MEDIUM RANGE SMOKE FLUID<\/strong>, for classic density smoke<br \/>\u2022 <strong>ST PREMIUM RANGE DENSE SMOKE FLUID<\/strong>, for high density smoke <br \/>\u2022 <strong>ST PREMIUM RANGE EXTREME SMOKE FLUID<\/strong>, for very high density smoke<\/p>\n<p>These are professional-grade fluids that are fully compliant and completely <strong>environmentally neutral<\/strong>.<\/p>\n<p>Discover our <a href=\"https:\/\/premiumfx.eu\/en\/effects\/smoke-low-fog\/\">Smoke Machines<\/a><\/p>\n","protected":false},"excerpt":{"rendered":"<p>Ready to Use Standard Dispersion Available in 5L, 10L, 20L and 200L, 1000L in bulk<\/p>\n","protected":false},"featured_media":1588,"template":"","meta":[],"product_brand":[],"product_cat":[1888],"product_tag":[2051,1145],"gamme":[1903,1902,1945],"marque":[1955],"effets":[2031,1977],"class_list":{"0":"post-122152","1":"product","2":"type-product","3":"status-publish","4":"has-post-thumbnail","6":"product_cat-consumables-en","7":"product_tag-made-in-france-en","8":"product_tag-new","9":"gamme-pro-fog-range-en","10":"gamme-gamme-smoke-jet","11":"gamme-std-smoke-fluid-en","12":"marque-premium-fluids-en","13":"effets-professional-smoke-machines","14":"effets-smoke-low-fog","16":"first","17":"instock","18":"taxable","19":"shipping-taxable","20":"purchasable","21":"product-type-variable","22":"has-default-attributes"},"acf":{"pas_de_documention":false,"archive_medias":"","archive_documentation":"","documents_techniques":[{"nom_du_fichier":"FICHE TECHNIQUE","nom_du_fichier_en":"FRANCAIS","sku_variation":"","fichier_pdf":10293},{"nom_du_fichier":"FICHE DE DONN\u00c9ES DE S\u00c9CURIT\u00c9","nom_du_fichier_en":"FRANCAIS","sku_variation":"","fichier_pdf":148945},{"nom_du_fichier":"TECHNICAL DATA SHEET","nom_du_fichier_en":"ENGLISH","sku_variation":"","fichier_pdf":10329},{"nom_du_fichier":"MATERIAL SAFETY DATA SHEET","nom_du_fichier_en":"ENGLISH","sku_variation":"","fichier_pdf":148979},{"nom_du_fichier":"SICHERHEITSDATENBLATT","nom_du_fichier_en":"GERMAN","sku_variation":"","fichier_pdf":149013}]},"_links":{"self":[{"href":"https:\/\/premiumfx.eu\/en\/wp-json\/wp\/v2\/product\/122152","targetHints":{"allow":["GET"]}}],"collection":[{"href":"https:\/\/premiumfx.eu\/en\/wp-json\/wp\/v2\/product"}],"about":[{"href":"https:\/\/premiumfx.eu\/en\/wp-json\/wp\/v2\/types\/product"}],"wp:featuredmedia":[{"embeddable":true,"href":"https:\/\/premiumfx.eu\/en\/wp-json\/wp\/v2\/media\/1588"}],"wp:attachment":[{"href":"https:\/\/premiumfx.eu\/en\/wp-json\/wp\/v2\/media?parent=122152"}],"wp:term":[{"taxonomy":"product_brand","embeddable":true,"href":"https:\/\/premiumfx.eu\/en\/wp-json\/wp\/v2\/product_brand?post=122152"},{"taxonomy":"product_cat","embeddable":true,"href":"https:\/\/premiumfx.eu\/en\/wp-json\/wp\/v2\/product_cat?post=122152"},{"taxonomy":"product_tag","embeddable":true,"href":"https:\/\/premiumfx.eu\/en\/wp-json\/wp\/v2\/product_tag?post=122152"},{"taxonomy":"gamme","embeddable":true,"href":"https:\/\/premiumfx.eu\/en\/wp-json\/wp\/v2\/gamme?post=122152"},{"taxonomy":"marque","embeddable":true,"href":"https:\/\/premiumfx.eu\/en\/wp-json\/wp\/v2\/marque?post=122152"},{"taxonomy":"effets","embeddable":true,"href":"https:\/\/premiumfx.eu\/en\/wp-json\/wp\/v2\/effets?post=122152"}],"curies":[{"name":"wp","href":"https:\/\/api.w.org\/{rel}","templated":true}]}}