{"id":122109,"date":"2022-03-17T12:10:40","date_gmt":"2022-03-17T11:10:40","guid":{"rendered":"https:\/\/premiumfx.eu\/boutique\/bubble-liquid-ready-to-use-dense-premium\/"},"modified":"2024-02-15T20:51:19","modified_gmt":"2024-02-15T19:51:19","slug":"bubble-fluid-ready-to-use-dense-premium","status":"publish","type":"product","link":"https:\/\/premiumfx.eu\/en\/produit\/bubble-fluid-ready-to-use-dense-premium\/","title":{"rendered":"BUBBLE FLUID READY TO USE DENSE PREMIUM"},"content":{"rendered":"<p><strong>DENSE Premium Fluids<\/strong> ready-to-use bubble liquid works with all bubble machines on the market. It is a denser bubble liquid suitable for large bubble machines. Discover our selection:<\/p>\n<p>\u2022<strong> RTU STD BUBBLE FLUID<\/strong>, a standard ready to use liquid<\/p>\n<p>\u2022 <strong>RTU HIGH BUBBLE FLUID<\/strong>, a denser ready-to-use liquid<\/p>\n<p>\u2022 <strong>RTU FLUO BUBBLE FLUID<\/strong>, a UV-reactive ready-to-use liquid<\/p>\n<p>\u2022 <strong>CC 40% BUBBLE FLUID<\/strong>, a concentrated liquid to be diluted with 60% water<\/p>\n<p>These are professional-grade fluids that are fully compliant and completely <strong>environmentally neutral<\/strong>.<\/p>\n<p>Discover our <a href=\"https:\/\/premiumfx.eu\/en\/effects\/bubbles\/\">Bubble Machines<\/a><\/p>\n","protected":false},"excerpt":{"rendered":"<p>Ready to Use High Density<br \/>\nAvailable in 5L, 10L, 20L<br \/>\nand 200L, 1000L in bulk<\/p>\n","protected":false},"featured_media":1377,"template":"","meta":[],"product_brand":[],"product_cat":[1888],"product_tag":[2051,1145],"gamme":[1941,1907],"marque":[1955],"effets":[1987,1969,1985],"class_list":{"0":"post-122109","1":"product","2":"type-product","3":"status-publish","4":"has-post-thumbnail","6":"product_cat-consumables-en","7":"product_tag-made-in-france-en","8":"product_tag-new","9":"gamme-bubble-fluid-en","10":"gamme-range-ue-bubble-en","11":"marque-premium-fluids-en","12":"effets-big-bubbles-falling","13":"effets-bubbles","14":"effets-bubbles-projected","16":"first","17":"instock","18":"taxable","19":"shipping-taxable","20":"purchasable","21":"product-type-variable","22":"has-default-attributes"},"acf":{"pas_de_documention":false,"archive_medias":"","archive_documentation":"","documents_techniques":[{"nom_du_fichier":"FICHE TECHNIQUE","nom_du_fichier_en":"FRANCAIS","sku_variation":"","fichier_pdf":10168},{"nom_du_fichier":"FICHE DE DONN\u00c9ES DE S\u00c9CURIT\u00c9","nom_du_fichier_en":"FRANCAIS","sku_variation":"","fichier_pdf":143462},{"nom_du_fichier":"TECHNICAL DATA SHEET","nom_du_fichier_en":"ENGLISH","sku_variation":"","fichier_pdf":10203},{"nom_du_fichier":"MATERIAL SAFETY DATA SHEET","nom_du_fichier_en":"ENGLISH","sku_variation":"","fichier_pdf":143482},{"nom_du_fichier":"SICHERHEITSDATENBLATT","nom_du_fichier_en":"GERMAN","sku_variation":"","fichier_pdf":143520}]},"_links":{"self":[{"href":"https:\/\/premiumfx.eu\/en\/wp-json\/wp\/v2\/product\/122109","targetHints":{"allow":["GET"]}}],"collection":[{"href":"https:\/\/premiumfx.eu\/en\/wp-json\/wp\/v2\/product"}],"about":[{"href":"https:\/\/premiumfx.eu\/en\/wp-json\/wp\/v2\/types\/product"}],"wp:featuredmedia":[{"embeddable":true,"href":"https:\/\/premiumfx.eu\/en\/wp-json\/wp\/v2\/media\/1377"}],"wp:attachment":[{"href":"https:\/\/premiumfx.eu\/en\/wp-json\/wp\/v2\/media?parent=122109"}],"wp:term":[{"taxonomy":"product_brand","embeddable":true,"href":"https:\/\/premiumfx.eu\/en\/wp-json\/wp\/v2\/product_brand?post=122109"},{"taxonomy":"product_cat","embeddable":true,"href":"https:\/\/premiumfx.eu\/en\/wp-json\/wp\/v2\/product_cat?post=122109"},{"taxonomy":"product_tag","embeddable":true,"href":"https:\/\/premiumfx.eu\/en\/wp-json\/wp\/v2\/product_tag?post=122109"},{"taxonomy":"gamme","embeddable":true,"href":"https:\/\/premiumfx.eu\/en\/wp-json\/wp\/v2\/gamme?post=122109"},{"taxonomy":"marque","embeddable":true,"href":"https:\/\/premiumfx.eu\/en\/wp-json\/wp\/v2\/marque?post=122109"},{"taxonomy":"effets","embeddable":true,"href":"https:\/\/premiumfx.eu\/en\/wp-json\/wp\/v2\/effets?post=122109"}],"curies":[{"name":"wp","href":"https:\/\/api.w.org\/{rel}","templated":true}]}}