{"id":122097,"date":"2022-03-17T11:43:57","date_gmt":"2022-03-17T10:43:57","guid":{"rendered":"https:\/\/premiumfx.eu\/boutique\/fog-fluid-u-special-premium\/"},"modified":"2024-02-15T20:53:02","modified_gmt":"2024-02-15T19:53:02","slug":"fog-fluid-u-special-premium","status":"publish","type":"product","link":"https:\/\/premiumfx.eu\/en\/produit\/fog-fluid-u-special-premium\/","title":{"rendered":"FOG FLUID U-SPECIAL PREMIUM"},"content":{"rendered":"<p>The ready-to-use fog liquid <strong>U-SPECIAL PREMIUM (Neutral Oil Base)<\/strong> which only works with machines such as LE MAITRE NEUTRON XS et MVS. Formulation, quality and result identical to the original .<\/p>\n<p>For other machines or type of fog liquid, please see the <strong>U-SPECIAL<\/strong> product sheets but also our ranges for machines with &#8220;Heating Body&#8221; based on a formula based on water and glycol, in <span style=\"color: #3366ff;\"><a style=\"color: #3366ff;\" href=\"https:\/\/premiumfx.eu\/en\/boutique\/light-fog-fluid-economy\/\"><strong>Economy<\/strong><\/a><\/span>, <span style=\"color: #3366ff;\"><a style=\"color: #3366ff;\" href=\"https:\/\/premiumfx.eu\/en\/boutique\/premium-lightweight-fog-fluid\/\"><strong>Light<\/strong> <\/a><\/span>and <span style=\"color: #3366ff;\"><strong><a style=\"color: #3366ff;\" href=\"https:\/\/premiumfx.eu\/en\/boutique\/premium-dense-fog-fluid\/\">Dense<\/a> <\/strong><\/span>version\u00a0.<\/p>\n<p>These are professional-grade fluids that are fully compliant and completely <strong>environmentally neutral<\/strong>.<\/p>\n<p>Discover our <a href=\"https:\/\/premiumfx.eu\/en\/effets\/fumee-brouillard\">Smoke &amp; Fog Machines<\/a><\/p>\n","protected":false},"excerpt":{"rendered":"<p>Ready to Use High Density<br \/>\nAvailable in 5L, 10L, 20L<br \/>\nand 200L, 1000L in bulk<\/p>\n","protected":false},"featured_media":1393,"template":"","meta":[],"product_brand":[],"product_cat":[1756],"product_tag":[1896,1063],"gamme":[1884],"marque":[1777],"effets":[1886,1769],"class_list":{"0":"post-122097","1":"product","2":"type-product","3":"status-publish","4":"has-post-thumbnail","6":"product_cat-consommables","7":"product_tag-made-in-france","8":"product_tag-neuf","9":"gamme-liquide-a-brouillard","10":"marque-premium-fluids","11":"effets-machine-a-brouillard","12":"effets-fumee-brouillard","14":"first","15":"instock","16":"taxable","17":"shipping-taxable","18":"purchasable","19":"product-type-variable","20":"has-default-attributes"},"acf":{"pas_de_documention":false,"archive_medias":"","archive_documentation":"","documents_techniques":[{"nom_du_fichier":"FICHE TECHNIQUE","nom_du_fichier_en":"FRANCAIS","sku_variation":"","fichier_pdf":10244},{"nom_du_fichier":"FICHE DE DONN\u00c9ES DE S\u00c9CURIT\u00c9","nom_du_fichier_en":"FRANCAIS","sku_variation":"","fichier_pdf":""},{"nom_du_fichier":"TECHNICAL DATA SHEET","nom_du_fichier_en":"ENGLISH","sku_variation":"","fichier_pdf":10284},{"nom_du_fichier":"MATERIAL SAFETY DATA SHEET","nom_du_fichier_en":"ENGLISH","sku_variation":"","fichier_pdf":10288},{"nom_du_fichier":"SICHERHEITSDATENBLATT","nom_du_fichier_en":"GERMAN","sku_variation":"","fichier_pdf":""}]},"_links":{"self":[{"href":"https:\/\/premiumfx.eu\/en\/wp-json\/wp\/v2\/product\/122097","targetHints":{"allow":["GET"]}}],"collection":[{"href":"https:\/\/premiumfx.eu\/en\/wp-json\/wp\/v2\/product"}],"about":[{"href":"https:\/\/premiumfx.eu\/en\/wp-json\/wp\/v2\/types\/product"}],"wp:featuredmedia":[{"embeddable":true,"href":"https:\/\/premiumfx.eu\/en\/wp-json\/wp\/v2\/media\/1393"}],"wp:attachment":[{"href":"https:\/\/premiumfx.eu\/en\/wp-json\/wp\/v2\/media?parent=122097"}],"wp:term":[{"taxonomy":"product_brand","embeddable":true,"href":"https:\/\/premiumfx.eu\/en\/wp-json\/wp\/v2\/product_brand?post=122097"},{"taxonomy":"product_cat","embeddable":true,"href":"https:\/\/premiumfx.eu\/en\/wp-json\/wp\/v2\/product_cat?post=122097"},{"taxonomy":"product_tag","embeddable":true,"href":"https:\/\/premiumfx.eu\/en\/wp-json\/wp\/v2\/product_tag?post=122097"},{"taxonomy":"gamme","embeddable":true,"href":"https:\/\/premiumfx.eu\/en\/wp-json\/wp\/v2\/gamme?post=122097"},{"taxonomy":"marque","embeddable":true,"href":"https:\/\/premiumfx.eu\/en\/wp-json\/wp\/v2\/marque?post=122097"},{"taxonomy":"effets","embeddable":true,"href":"https:\/\/premiumfx.eu\/en\/wp-json\/wp\/v2\/effets?post=122097"}],"curies":[{"name":"wp","href":"https:\/\/api.w.org\/{rel}","templated":true}]}}