{"id":122096,"date":"2022-03-17T11:43:36","date_gmt":"2022-03-17T10:43:36","guid":{"rendered":"https:\/\/premiumfx.eu\/boutique\/premium-dense-fog-liquid\/"},"modified":"2024-02-15T20:52:30","modified_gmt":"2024-02-15T19:52:30","slug":"hazer-fluid-hz-high-premium","status":"publish","type":"product","link":"https:\/\/premiumfx.eu\/en\/produit\/hazer-fluid-hz-high-premium\/","title":{"rendered":"HAZER FLUID HZ-HIGH PREMIUM"},"content":{"rendered":"<p>The ready-to-use fog liquid <strong>HZ-HAZER HIGH PREMIUM<\/strong> works with all ranges for machines with &#8220;Heating Body&#8221; based on a water and glycol-based formula. Its performance is optimum on all types of adapted machines and especially if you use professional machines for the show of the UNIQUE type. If you want a more economical pro product for first budget fog machines then we recommend the <span style=\"color: #3366ff;\"><a style=\"color: #3366ff;\" href=\"https:\/\/premiumfx.eu\/en\/boutique\/hazer-fluid-hz-light-premium\/\"><strong>HZ-LIGHT<\/strong><\/a><\/span> version.<\/p>\n<p>These are professional-grade fluids that are fully compliant and completely <strong>environmentally neutral<\/strong>.<\/p>\n<p>Discover our <a href=\"https:\/\/premiumfx.eu\/en\/effets\/fumee-brouillard\">Smoke &amp; Fog Machines<\/a><\/p>\n","protected":false},"excerpt":{"rendered":"<p>Ready to Use Standard<br \/>\nAvailable in 5L, 10L, 20L<br \/>\nand 200L, 1000L in bulk<\/p>\n","protected":false},"featured_media":111090,"template":"","meta":[],"product_brand":[],"product_cat":[1888],"product_tag":[2051,1145],"gamme":[1948],"marque":[1955],"effets":[2034,1977],"class_list":{"0":"post-122096","1":"product","2":"type-product","3":"status-publish","4":"has-post-thumbnail","6":"product_cat-consumables-en","7":"product_tag-made-in-france-en","8":"product_tag-new","9":"gamme-hazer-fluid-en","10":"marque-premium-fluids-en","11":"effets-hazer-machines","12":"effets-smoke-low-fog","14":"first","15":"instock","16":"taxable","17":"shipping-taxable","18":"purchasable","19":"product-type-variable","20":"has-default-attributes"},"acf":{"pas_de_documention":false,"archive_medias":"","archive_documentation":"","documents_techniques":[{"nom_du_fichier":"FICHE TECHNIQUE","nom_du_fichier_en":"FRANCAIS","sku_variation":"","fichier_pdf":10242},{"nom_du_fichier":"FICHE DE DONN\u00c9ES DE S\u00c9CURIT\u00c9","nom_du_fichier_en":"FRANCAIS","sku_variation":"","fichier_pdf":""},{"nom_du_fichier":"TECHNICAL DATA SHEET","nom_du_fichier_en":"ENGLISH","sku_variation":"","fichier_pdf":10282},{"nom_du_fichier":"MATERIAL SAFETY DATA SHEET","nom_du_fichier_en":"ENGLISH","sku_variation":"","fichier_pdf":""},{"nom_du_fichier":"SICHERHEITSDATENBLATT","nom_du_fichier_en":"GERMAN","sku_variation":"","fichier_pdf":""}]},"_links":{"self":[{"href":"https:\/\/premiumfx.eu\/en\/wp-json\/wp\/v2\/product\/122096","targetHints":{"allow":["GET"]}}],"collection":[{"href":"https:\/\/premiumfx.eu\/en\/wp-json\/wp\/v2\/product"}],"about":[{"href":"https:\/\/premiumfx.eu\/en\/wp-json\/wp\/v2\/types\/product"}],"wp:featuredmedia":[{"embeddable":true,"href":"https:\/\/premiumfx.eu\/en\/wp-json\/wp\/v2\/media\/111090"}],"wp:attachment":[{"href":"https:\/\/premiumfx.eu\/en\/wp-json\/wp\/v2\/media?parent=122096"}],"wp:term":[{"taxonomy":"product_brand","embeddable":true,"href":"https:\/\/premiumfx.eu\/en\/wp-json\/wp\/v2\/product_brand?post=122096"},{"taxonomy":"product_cat","embeddable":true,"href":"https:\/\/premiumfx.eu\/en\/wp-json\/wp\/v2\/product_cat?post=122096"},{"taxonomy":"product_tag","embeddable":true,"href":"https:\/\/premiumfx.eu\/en\/wp-json\/wp\/v2\/product_tag?post=122096"},{"taxonomy":"gamme","embeddable":true,"href":"https:\/\/premiumfx.eu\/en\/wp-json\/wp\/v2\/gamme?post=122096"},{"taxonomy":"marque","embeddable":true,"href":"https:\/\/premiumfx.eu\/en\/wp-json\/wp\/v2\/marque?post=122096"},{"taxonomy":"effets","embeddable":true,"href":"https:\/\/premiumfx.eu\/en\/wp-json\/wp\/v2\/effets?post=122096"}],"curies":[{"name":"wp","href":"https:\/\/api.w.org\/{rel}","templated":true}]}}