{"id":122094,"date":"2022-03-17T09:34:00","date_gmt":"2022-03-17T08:34:00","guid":{"rendered":"https:\/\/premiumfx.eu\/boutique\/economy-standard-fog-fluid\/"},"modified":"2024-02-15T20:52:22","modified_gmt":"2024-02-15T19:52:22","slug":"high-hazer-fluid-economy","status":"publish","type":"product","link":"https:\/\/premiumfx.eu\/en\/produit\/high-hazer-fluid-economy\/","title":{"rendered":"HIGH HAZER FLUID ECONOMY"},"content":{"rendered":"<p>The ready-to-use hazer fluid\u00a0<strong>HIGH ECONOMY<\/strong> works with all heater type haze machines and provides excellent performance. There is also a more economical version with lower efficiency in this range, the <a href=\"https:\/\/premiumfx.eu\/en\/boutique\/light-hazer-fluid-economy\/\"><span style=\"color: #3366ff;\"><strong>LIGHT ECONOMY<\/strong><\/span><\/a>.<\/p>\n<p>It is advisable to use the pro haze liquids of the\u00a0<span style=\"color: #3366ff;\"><a style=\"color: #3366ff;\" href=\"https:\/\/premiumfx.eu\/en\/boutique\/hazer-fluid-hz-light-premium\/\"><strong>HZ-LIGHT<\/strong><\/a><\/span>\u00a0and\u00a0<span style=\"color: #3366ff;\"><a style=\"color: #3366ff;\" href=\"https:\/\/premiumfx.eu\/en\/boutique\/hazer-fluid-hz-high-premium\/\"><strong>HZ-HIGH<\/strong><\/a><\/span>\u00a0PREMIUM ranges for high performance machines of the UNIQUE type or others.<\/p>\n<p>These are professional-grade fluids that are fully compliant and <strong>completely environmentally neutral<\/strong>.<\/p>\n<p>Discover our <a href=\"https:\/\/premiumfx.eu\/en\/effects\/smoke-fog-en\/\">Smoke &amp; Fog Machines<\/a><\/p>\n","protected":false},"excerpt":{"rendered":"<p>Ready to Use Economy<br \/>\nAvailable in 1L and 5L<br \/>\nPack 5x1L, 12x1L and 4x5L<\/p>\n","protected":false},"featured_media":2368,"template":"","meta":[],"product_brand":[],"product_cat":[1888],"product_tag":[2051,1145],"gamme":[1948],"marque":[1955],"effets":[2027,1977],"class_list":{"0":"post-122094","1":"product","2":"type-product","3":"status-publish","4":"has-post-thumbnail","6":"product_cat-consumables-en","7":"product_tag-made-in-france-en","8":"product_tag-new","9":"gamme-hazer-fluid-en","10":"marque-premium-fluids-en","11":"effets-low-fog-machines","12":"effets-smoke-low-fog","14":"first","15":"instock","16":"taxable","17":"shipping-taxable","18":"purchasable","19":"product-type-variable","20":"has-default-attributes"},"acf":{"pas_de_documention":false,"archive_medias":"","archive_documentation":"","documents_techniques":[{"nom_du_fichier":"FICHE TECHNIQUE","nom_du_fichier_en":"FRANCAIS","sku_variation":"","fichier_pdf":11426},{"nom_du_fichier":"FICHE DE DONN\u00c9ES DE S\u00c9CURIT\u00c9","nom_du_fichier_en":"FRANCAIS","sku_variation":"","fichier_pdf":""},{"nom_du_fichier":"TECHNICAL DATA SHEET","nom_du_fichier_en":"ENGLISH","sku_variation":"","fichier_pdf":11424},{"nom_du_fichier":"MATERIAL SAFETY DATA SHEET","nom_du_fichier_en":"ENGLISH","sku_variation":"","fichier_pdf":""},{"nom_du_fichier":"SICHERHEITSDATENBLATT","nom_du_fichier_en":"GERMAN","sku_variation":"","fichier_pdf":""}]},"_links":{"self":[{"href":"https:\/\/premiumfx.eu\/en\/wp-json\/wp\/v2\/product\/122094","targetHints":{"allow":["GET"]}}],"collection":[{"href":"https:\/\/premiumfx.eu\/en\/wp-json\/wp\/v2\/product"}],"about":[{"href":"https:\/\/premiumfx.eu\/en\/wp-json\/wp\/v2\/types\/product"}],"wp:featuredmedia":[{"embeddable":true,"href":"https:\/\/premiumfx.eu\/en\/wp-json\/wp\/v2\/media\/2368"}],"wp:attachment":[{"href":"https:\/\/premiumfx.eu\/en\/wp-json\/wp\/v2\/media?parent=122094"}],"wp:term":[{"taxonomy":"product_brand","embeddable":true,"href":"https:\/\/premiumfx.eu\/en\/wp-json\/wp\/v2\/product_brand?post=122094"},{"taxonomy":"product_cat","embeddable":true,"href":"https:\/\/premiumfx.eu\/en\/wp-json\/wp\/v2\/product_cat?post=122094"},{"taxonomy":"product_tag","embeddable":true,"href":"https:\/\/premiumfx.eu\/en\/wp-json\/wp\/v2\/product_tag?post=122094"},{"taxonomy":"gamme","embeddable":true,"href":"https:\/\/premiumfx.eu\/en\/wp-json\/wp\/v2\/gamme?post=122094"},{"taxonomy":"marque","embeddable":true,"href":"https:\/\/premiumfx.eu\/en\/wp-json\/wp\/v2\/marque?post=122094"},{"taxonomy":"effets","embeddable":true,"href":"https:\/\/premiumfx.eu\/en\/wp-json\/wp\/v2\/effets?post=122094"}],"curies":[{"name":"wp","href":"https:\/\/api.w.org\/{rel}","templated":true}]}}