{"id":109375,"date":"2022-05-03T09:59:50","date_gmt":"2022-05-03T08:02:57","guid":{"rendered":"https:\/\/premiumfx.eu\/?post_type=product&#038;p=109375"},"modified":"2022-05-18T16:27:18","modified_gmt":"2022-05-18T14:27:18","slug":"scent-apricot-en","status":"publish","type":"product","link":"https:\/\/premiumfx.eu\/en\/produit\/scent-apricot-en\/","title":{"rendered":"SCENT APRICOT"},"content":{"rendered":"<p>Appr\u00e9ciez des senteurs gourmandes gorg\u00e9es de soleil et de vitamines. Cr\u00e9ez un univers doux et color\u00e9 avec notre collection fruit\u00e9e o\u00f9 les saisons s&#8217;invitent \u00e0 la d\u00e9gustation.<\/p>\n<p>Ensoleillez vos espaces aux notes d&#8217;agrumes fraiches et acidul\u00e9s. Faites entrer l&#8217;\u00e9t\u00e9 avec les senteurs fruits rouges vitamin\u00e9es. Profitez d&#8217;une ambiance douce et p\u00e9tillante.<\/p>\n","protected":false},"excerpt":{"rendered":"<p>Scent for diffuser fruity<\/p>\n","protected":false},"featured_media":127042,"template":"","meta":[],"product_brand":[],"product_cat":[1888],"product_tag":[2051,1145],"gamme":[1939,1950,1949,2039,1913],"marque":[1957],"effets":[2019,2021,1964],"class_list":{"0":"post-109375","1":"product","2":"type-product","3":"status-publish","4":"has-post-thumbnail","6":"product_cat-consumables-en","7":"product_tag-made-in-france-en","8":"product_tag-new","9":"gamme-fruity-range-en","10":"gamme-wide-open-spaces","11":"gamme-medium-spaces-en","12":"gamme-scents-collection-en","13":"gamme-small-spaces-en","14":"marque-premium-fragrances-conso-en","15":"effets-aroma-diffuser-for-theater","16":"effets-professional-fragrance-diffuser","17":"effets-scents","19":"first","20":"instock","21":"taxable","22":"shipping-taxable","23":"purchasable","24":"product-type-variable","25":"has-default-attributes"},"acf":{"pas_de_documention":false,"archive_medias":"","archive_documentation":"","documents_techniques":null},"_links":{"self":[{"href":"https:\/\/premiumfx.eu\/en\/wp-json\/wp\/v2\/product\/109375","targetHints":{"allow":["GET"]}}],"collection":[{"href":"https:\/\/premiumfx.eu\/en\/wp-json\/wp\/v2\/product"}],"about":[{"href":"https:\/\/premiumfx.eu\/en\/wp-json\/wp\/v2\/types\/product"}],"wp:featuredmedia":[{"embeddable":true,"href":"https:\/\/premiumfx.eu\/en\/wp-json\/wp\/v2\/media\/127042"}],"wp:attachment":[{"href":"https:\/\/premiumfx.eu\/en\/wp-json\/wp\/v2\/media?parent=109375"}],"wp:term":[{"taxonomy":"product_brand","embeddable":true,"href":"https:\/\/premiumfx.eu\/en\/wp-json\/wp\/v2\/product_brand?post=109375"},{"taxonomy":"product_cat","embeddable":true,"href":"https:\/\/premiumfx.eu\/en\/wp-json\/wp\/v2\/product_cat?post=109375"},{"taxonomy":"product_tag","embeddable":true,"href":"https:\/\/premiumfx.eu\/en\/wp-json\/wp\/v2\/product_tag?post=109375"},{"taxonomy":"gamme","embeddable":true,"href":"https:\/\/premiumfx.eu\/en\/wp-json\/wp\/v2\/gamme?post=109375"},{"taxonomy":"marque","embeddable":true,"href":"https:\/\/premiumfx.eu\/en\/wp-json\/wp\/v2\/marque?post=109375"},{"taxonomy":"effets","embeddable":true,"href":"https:\/\/premiumfx.eu\/en\/wp-json\/wp\/v2\/effets?post=109375"}],"curies":[{"name":"wp","href":"https:\/\/api.w.org\/{rel}","templated":true}]}}