{"id":131163,"date":"2022-08-11T17:39:50","date_gmt":"2022-08-11T15:39:50","guid":{"rendered":"https:\/\/premiumfx.eu\/lost-password\/"},"modified":"2022-08-25T11:26:03","modified_gmt":"2022-08-25T09:26:03","slug":"lost-password","status":"publish","type":"page","link":"https:\/\/premiumfx.eu\/en\/lost-password\/","title":{"rendered":"Lost password"},"content":{"rendered":"\t\t<div data-elementor-type=\"wp-page\" data-elementor-id=\"131163\" class=\"elementor elementor-131163 elementor-131100\" data-elementor-post-type=\"page\">\n\t\t\t\t<div class=\"elementor-element elementor-element-12eccd5 e-flex e-con-boxed e-con e-parent\" data-id=\"12eccd5\" data-element_type=\"container\" data-e-type=\"container\">\n\t\t\t\t\t<div class=\"e-con-inner\">\n\t\t\t\t<div class=\"elementor-element elementor-element-0ad8fb7 elementor-widget elementor-widget-heading\" data-id=\"0ad8fb7\" data-element_type=\"widget\" data-e-type=\"widget\" data-widget_type=\"heading.default\">\n\t\t\t\t<div class=\"elementor-widget-container\">\n\t\t\t\t\t<span class=\"elementor-heading-title elementor-size-default\"><a href=\"https:\/\/premiumfx.eu\/en\/\">Back to our store<\/a><\/span>\t\t\t\t<\/div>\n\t\t\t\t<\/div>\n\t\t<div class=\"elementor-element elementor-element-8d72a99 e-con-full e-flex e-con e-child\" data-id=\"8d72a99\" data-element_type=\"container\" data-e-type=\"container\">\n\t\t<div class=\"elementor-element elementor-element-5c55df1 e-con-full e-flex e-con e-child\" data-id=\"5c55df1\" data-element_type=\"container\" data-e-type=\"container\" data-settings=\"{&quot;background_background&quot;:&quot;slideshow&quot;,&quot;background_slideshow_gallery&quot;:[{&quot;id&quot;:123487,&quot;url&quot;:&quot;https:\\\/\\\/premiumfx.eu\\\/wp-content\\\/uploads\\\/2022\\\/05\\\/BANNIERE-CONNEXION7.jpg&quot;},{&quot;id&quot;:123489,&quot;url&quot;:&quot;https:\\\/\\\/premiumfx.eu\\\/wp-content\\\/uploads\\\/2022\\\/05\\\/BANNIERE-CONNEXION13.jpg&quot;},{&quot;id&quot;:123491,&quot;url&quot;:&quot;https:\\\/\\\/premiumfx.eu\\\/wp-content\\\/uploads\\\/2022\\\/05\\\/BANNIERE-CONNEXION2.jpg&quot;}],&quot;background_slideshow_loop&quot;:&quot;yes&quot;,&quot;background_slideshow_slide_duration&quot;:5000,&quot;background_slideshow_slide_transition&quot;:&quot;fade&quot;,&quot;background_slideshow_transition_duration&quot;:500}\">\n\t\t\t\t<div class=\"elementor-element elementor-element-0b754db elementor-widget elementor-widget-image\" data-id=\"0b754db\" data-element_type=\"widget\" data-e-type=\"widget\" data-widget_type=\"image.default\">\n\t\t\t\t<div class=\"elementor-widget-container\">\n\t\t\t\t\t\t\t\t\t\t\t\t\t\t\t<img decoding=\"async\" width=\"1\" height=\"1\" src=\"https:\/\/premiumfx.eu\/wp-content\/uploads\/2021\/11\/logo-pfx-blanc.svg\" class=\"attachment-large size-large wp-image-54148\" alt=\"\">\t\t\t\t\t\t\t\t\t\t\t\t\t\t\t<\/div>\n\t\t\t\t<\/div>\n\t\t\t\t<\/div>\n\t\t<div class=\"elementor-element elementor-element-c41ac12 e-con-full e-flex e-con e-child\" data-id=\"c41ac12\" data-element_type=\"container\" data-e-type=\"container\" data-settings=\"{&quot;background_background&quot;:&quot;classic&quot;}\">\n\t\t\t\t<div class=\"elementor-element elementor-element-01f21d9 elementor-widget elementor-widget-image\" data-id=\"01f21d9\" data-element_type=\"widget\" data-e-type=\"widget\" data-widget_type=\"image.default\">\n\t\t\t\t<div class=\"elementor-widget-container\">\n\t\t\t\t\t\t\t\t\t\t\t\t\t\t\t\t<a href=\"https:\/\/premiumfx.eu\/en\/\">\n\t\t\t\t\t\t\t<img decoding=\"async\" width=\"1\" height=\"1\" src=\"https:\/\/premiumfx.eu\/wp-content\/uploads\/2021\/11\/logo-pfx-gris.svg\" class=\"attachment-thumbnail size-thumbnail wp-image-54146\" alt=\"\">\t\t\t\t\t\t\t\t<\/a>\n\t\t\t\t\t\t\t\t\t\t\t\t\t\t\t<\/div>\n\t\t\t\t<\/div>\n\t\t\t\t<div class=\"elementor-element elementor-element-9c42a0b elementor-widget elementor-widget-heading\" data-id=\"9c42a0b\" data-element_type=\"widget\" data-e-type=\"widget\" data-widget_type=\"heading.default\">\n\t\t\t\t<div class=\"elementor-widget-container\">\n\t\t\t\t\t<h2 class=\"elementor-heading-title elementor-size-default\">Lost password<\/h2>\t\t\t\t<\/div>\n\t\t\t\t<\/div>\n\t\t\t\t<div class=\"elementor-element elementor-element-5b1d3ea elementor-button-align-stretch elementor-widget elementor-widget-form\" data-id=\"5b1d3ea\" data-element_type=\"widget\" data-e-type=\"widget\" data-settings=\"{&quot;step_next_label&quot;:&quot;Next&quot;,&quot;step_previous_label&quot;:&quot;Previous&quot;,&quot;step_type&quot;:&quot;none&quot;,&quot;button_width&quot;:&quot;100&quot;,&quot;step_icon_shape&quot;:&quot;circle&quot;}\" data-widget_type=\"form.default\">\n\t\t\t\t<div class=\"elementor-widget-container\">\n\t\t\t\t\t\t\t<form class=\"elementor-form\" method=\"post\" id=\"inscription\" name=\"reset\" aria-label=\"reset\">\n\t\t\t<input type=\"hidden\" name=\"post_id\" value=\"131163\"\/>\n\t\t\t<input type=\"hidden\" name=\"form_id\" value=\"5b1d3ea\"\/>\n\t\t\t<input type=\"hidden\" name=\"referer_title\" value=\"\" \/>\n\n\t\t\t\n\t\t\t<div class=\"elementor-form-fields-wrapper elementor-labels-above\">\n\t\t\t\t\t\t\t\t<div class=\"elementor-field-type-email elementor-field-group elementor-column elementor-field-group-email elementor-col-100 elementor-field-required\">\n\t\t\t\t\t\t\t\t\t\t\t\t<label for=\"form-field-email\" class=\"elementor-field-label\">\n\t\t\t\t\t\t\t\tEmail\t\t\t\t\t\t\t<\/label>\n\t\t\t\t\t\t\t\t\t\t\t\t\t\t<input size=\"1\" type=\"email\" name=\"form_fields[email]\" id=\"form-field-email\" class=\"elementor-field elementor-size-sm  elementor-field-textual\" required=\"required\">\n\t\t\t\t\t\t\t\t\t\t\t<\/div>\n\t\t\t\t\t\t\t\t<div class=\"elementor-field-group elementor-column elementor-field-type-submit elementor-col-100 e-form__buttons\">\n\t\t\t\t\t<button class=\"elementor-button elementor-size-sm\" type=\"submit\">\n\t\t\t\t\t\t<span class=\"elementor-button-content-wrapper\">\n\t\t\t\t\t\t\t\t\t\t\t\t\t\t\t\t\t\t\t\t\t\t<span class=\"elementor-button-text\">Reset password<\/span>\n\t\t\t\t\t\t\t\t\t\t\t\t\t<\/span>\n\t\t\t\t\t<\/button>\n\t\t\t\t<\/div>\n\t\t\t<\/div>\n\t\t<\/form>\n\t\t\t\t\t\t<\/div>\n\t\t\t\t<\/div>\n\t\t\t\t<div class=\"elementor-element elementor-element-53b3c89 toShow elementor-align-center elementor-widget elementor-widget-lottie\" data-id=\"53b3c89\" data-element_type=\"widget\" data-e-type=\"widget\" data-settings=\"{&quot;source_json&quot;:{&quot;url&quot;:&quot;https:\\\/\\\/premiumfx.eu\\\/wp-content\\\/uploads\\\/2022\\\/01\\\/lf20_dfpe6jxg.json&quot;,&quot;id&quot;:56656,&quot;size&quot;:&quot;&quot;,&quot;alt&quot;:&quot;&quot;,&quot;source&quot;:&quot;library&quot;},&quot;caption_source&quot;:&quot;custom&quot;,&quot;caption&quot;:&quot;Un email a \\u00e9t\\u00e9 envoy\\u00e9 \\u00e0 l&#039;adresse email renseign\\u00e9e.&quot;,&quot;lazyload&quot;:&quot;yes&quot;,&quot;source&quot;:&quot;media_file&quot;,&quot;link_to&quot;:&quot;none&quot;,&quot;trigger&quot;:&quot;arriving_to_viewport&quot;,&quot;viewport&quot;:{&quot;unit&quot;:&quot;%&quot;,&quot;size&quot;:&quot;&quot;,&quot;sizes&quot;:{&quot;start&quot;:0,&quot;end&quot;:100}},&quot;play_speed&quot;:{&quot;unit&quot;:&quot;px&quot;,&quot;size&quot;:1,&quot;sizes&quot;:[]},&quot;start_point&quot;:{&quot;unit&quot;:&quot;%&quot;,&quot;size&quot;:0,&quot;sizes&quot;:[]},&quot;end_point&quot;:{&quot;unit&quot;:&quot;%&quot;,&quot;size&quot;:100,&quot;sizes&quot;:[]},&quot;renderer&quot;:&quot;svg&quot;}\" data-widget_type=\"lottie.default\">\n\t\t\t\t<div class=\"elementor-widget-container\">\n\t\t\t\t\t<div class=\"e-lottie__container\"><div class=\"e-lottie__animation\"><\/div><p class=\"e-lottie__caption\"> Un email a \u00e9t\u00e9 envoy\u00e9 \u00e0 l&#039;adresse email renseign\u00e9e.<\/p><\/div>\t\t\t\t<\/div>\n\t\t\t\t<\/div>\n\t\t\t\t<div class=\"elementor-element elementor-element-d2db385 elementor-widget elementor-widget-text-editor\" data-id=\"d2db385\" data-element_type=\"widget\" data-e-type=\"widget\" data-widget_type=\"text-editor.default\">\n\t\t\t\t<div class=\"elementor-widget-container\">\n\t\t\t\t\t\t\t\t\t<p style=\"text-align: center;\">Need help ?\u00a0<br \/><a href=\"mailto:info@premiumfx.eu\">info@premiumfx.eu<\/a> | <a class=\"notion-link-token notion-enable-hover\" href=\"tel:+33805691327\" target=\"_blank\" rel=\"noopener noreferrer\" data-token-index=\"1\" data-reactroot=\"\"><span class=\"link-annotation-unknown-block-id--668149445\">+33\u00a0(0)805\u00a069\u00a013\u00a027<\/span><\/a><\/p>\t\t\t\t\t\t\t\t<\/div>\n\t\t\t\t<\/div>\n\t\t\t\t<div class=\"elementor-element elementor-element-00fafb6 elementor-widget elementor-widget-html\" data-id=\"00fafb6\" data-element_type=\"widget\" data-e-type=\"widget\" data-widget_type=\"html.default\">\n\t\t\t\t<div class=\"elementor-widget-container\">\n\t\t\t\t\t<script type=\"text\/javascript\">\r\n\/\/INPUT STYLING\r\nfunction checkForInput(element) {\r\n  \/\/ element is passed to the function ^\r\n  \r\n  const $label = jQuery(element).siblings();\r\n\r\n  if (jQuery(element).val().length > 0 ) {\r\n    $label.addClass('input-has-value');\r\n  } else {\r\n    $label.removeClass('input-has-value');\r\n  }\r\n}\r\n\r\njQuery('input').focus(function(){\r\n      jQuery(this).siblings().addClass('input-has-focus');\r\n} );\r\njQuery('input').focusout(function(){\r\n  jQuery(this).siblings().removeClass('input-has-focus');\r\n});\r\n\/\/ The lines below are executed on page load\r\njQuery('input').each(function() {\r\n  checkForInput(this);\r\n});\r\n\r\n\/\/ The lines below (inside) are executed on change & keyup\r\njQuery('input').on('change keyup', function() {\r\n  checkForInput(this);  \r\n});\r\n<\/script>\r\n<script>\r\njQuery( document ).ready(function( $ ){\r\n\r\n\t$( document ).on('submit_success', '#inscription', function(){\r\n\t\t$submitted_form = $( this );\r\n\t\t$submitted_form.hide();\r\n\t\t$('.toShow').css('display', 'block');\r\n      \r\n});\r\n});\r\n<\/script>\t\t\t\t<\/div>\n\t\t\t\t<\/div>\n\t\t\t\t<\/div>\n\t\t\t\t<\/div>\n\t\t\t\t\t<\/div>\n\t\t\t\t<\/div>\n\t\t\t\t<section class=\"elementor-section elementor-top-section elementor-element elementor-element-4345ece elementor-section-boxed elementor-section-height-default elementor-section-height-default\" data-id=\"4345ece\" data-element_type=\"section\" data-e-type=\"section\">\n\t\t\t\t\t\t<div class=\"elementor-container elementor-column-gap-default\">\n\t\t\t\t\t<div class=\"elementor-column elementor-col-100 elementor-top-column elementor-element elementor-element-002b8de\" data-id=\"002b8de\" data-element_type=\"column\" data-e-type=\"column\">\n\t\t\t<div class=\"elementor-widget-wrap elementor-element-populated\">\n\t\t\t\t\t\t<div class=\"elementor-element elementor-element-23d038c elementor-widget elementor-widget-text-editor\" data-id=\"23d038c\" data-element_type=\"widget\" data-e-type=\"widget\" data-widget_type=\"text-editor.default\">\n\t\t\t\t<div class=\"elementor-widget-container\">\n\t\t\t\t\t\t\t\t\t<p style=\"text-align: center;\">Copyright \u00a9 2022 PremiumFactory All rights reserved\u00a0 <a href=\"https:\/\/premiumfx.eu\/en\/privacy-policy\/\" target=\"_blank\" rel=\"noopener\">Privacy<\/a> \u00a0<a href=\"https:\/\/premiumfx.eu\/en\/general-terms-of-sales\/\" target=\"_blank\" rel=\"noopener\">Terms of use.<\/a><\/p>\t\t\t\t\t\t\t\t<\/div>\n\t\t\t\t<\/div>\n\t\t\t\t\t<\/div>\n\t\t<\/div>\n\t\t\t\t\t<\/div>\n\t\t<\/section>\n\t\t\t\t<\/div>\n\t\t","protected":false},"excerpt":{"rendered":"<p>Back to our store Lost password Un email a \u00e9t\u00e9 envoy\u00e9 \u00e0 l&#8217;adresse email renseign\u00e9e. Need help ?&nbsp; info@premiumfx.eu | +33&nbsp;(0)805&nbsp;69&nbsp;13&nbsp;27 Copyright \u00a9 2022 PremiumFactory All rights reserved&nbsp; Privacy &nbsp;Terms of use.<\/p>\n","protected":false},"author":1,"featured_media":0,"parent":0,"menu_order":0,"comment_status":"closed","ping_status":"closed","template":"elementor_canvas","meta":{"footnotes":""},"class_list":["post-131163","page","type-page","status-publish","hentry"],"acf":[],"_links":{"self":[{"href":"https:\/\/premiumfx.eu\/en\/wp-json\/wp\/v2\/pages\/131163","targetHints":{"allow":["GET"]}}],"collection":[{"href":"https:\/\/premiumfx.eu\/en\/wp-json\/wp\/v2\/pages"}],"about":[{"href":"https:\/\/premiumfx.eu\/en\/wp-json\/wp\/v2\/types\/page"}],"author":[{"embeddable":true,"href":"https:\/\/premiumfx.eu\/en\/wp-json\/wp\/v2\/users\/1"}],"replies":[{"embeddable":true,"href":"https:\/\/premiumfx.eu\/en\/wp-json\/wp\/v2\/comments?post=131163"}],"version-history":[{"count":0,"href":"https:\/\/premiumfx.eu\/en\/wp-json\/wp\/v2\/pages\/131163\/revisions"}],"wp:attachment":[{"href":"https:\/\/premiumfx.eu\/en\/wp-json\/wp\/v2\/media?parent=131163"}],"curies":[{"name":"wp","href":"https:\/\/api.w.org\/{rel}","templated":true}]}}